{"id":13341,"date":"2023-03-09T14:46:49","date_gmt":"2023-03-09T14:46:49","guid":{"rendered":"https:\/\/www.augmentir.com\/?page_id=13341"},"modified":"2023-03-09T14:46:49","modified_gmt":"2023-03-09T14:46:49","slug":"skills-ebook","status":"publish","type":"page","link":"https:\/\/www.augmentir.com\/de\/lp\/skills-ebook","title":{"rendered":"eBook Kompetenzmanagement"},"content":{"rendered":"<div id='top-section'  class='avia-section main_color avia-section-default avia-no-border-styling avia-bg-style-scroll  avia-builder-el-0  avia-builder-el-no-sibling   container_wrap sidebar_right' style='background-repeat: repeat-y; background-image: url(https:\/\/www.augmentir.com\/wp-content\/uploads\/2021\/10\/page-half-background.png);background-attachment: scroll; background-position: center center;  '  data-section-bg-repeat='repeat-y'><div class='container' ><main  role=\"main\" itemprop=\"mainContentOfPage\"  class='template-page content  av-content-small alpha units'><div class='post-entry post-entry-type-page post-entry-13341'><div class='entry-content-wrapper clearfix'>\n<div class=\"flex_column av_one_half  av-break-at-tablet flex_column_div first  avia-builder-el-1  el_before_av_one_half  avia-builder-el-first  first-column\" style='padding:0px 30px 0px 0px ; border-radius:0px; '><p><section class=\"av_textblock_section\"  itemscope=\"itemscope\" itemtype=\"https:\/\/schema.org\/CreativeWork\" ><div class='avia_textblock eyebrow-headline av_inherit_color'  style='color:#222222; '  itemprop=\"text\" ><p>eBook<\/p>\n<\/div><\/section><br \/>\n<div  style='padding-bottom:0px; margin-top:0px; font-size:40px;' class='av-special-heading av-special-heading-h1  blockquote modern-quote  avia-builder-el-3  el_after_av_textblock  el_before_av_textblock  h1-page-title av-thin-font av-inherit-size'><h1 class='av-special-heading-tag'  itemprop=\"headline\"  ><strong>Die Zukunft der Arbeit:<\/strong><br \/>\n\u00dcberbr\u00fcckung der L\u00fccke zwischen Kompetenzmanagement und Arbeitsausf\u00fchrung<\/h1><div class='special-heading-border'><div class='special-heading-inner-border' ><\/div><\/div><\/div><br \/>\n<section class=\"av_textblock_section\"  itemscope=\"itemscope\" itemtype=\"https:\/\/schema.org\/CreativeWork\" ><div class='avia_textblock'   itemprop=\"text\" ><div class=\"page\" title=\"Seite 1\">\n<div class=\"section\">\n<div class=\"layoutArea\">\n<div class=\"column\">\n<p>Wie <b><i>Schlau<\/i><\/b> Skills-Management-Software hilft Herstellern, die L\u00fccke zwischen Training, F\u00e4higkeiten und Arbeit zu schlie\u00dfen, um eine widerstandsf\u00e4higere und agilere Belegschaft aufzubauen.<\/p>\n<\/div>\n<\/div>\n<\/div>\n<\/div>\n<\/div><\/section><br \/>\n<div  class='avia-image-container  av-styling-   av-medium-hide av-small-hide av-mini-hide  avia-builder-el-5  el_after_av_textblock  el_before_av_hr  avia-align-center'  itemprop=\"image\" itemscope=\"itemscope\" itemtype=\"https:\/\/schema.org\/ImageObject\"  ><div class='avia-image-container-inner'><div class='avia-image-overlay-wrap'><img class='avia_image' src='https:\/\/www.augmentir.com\/wp-content\/uploads\/2022\/09\/the-future-of-training-and-skills-management.png' alt='die Zukunft des Trainings- und Kompetenzmanagements' title='' height=\"630\" width=\"1200\"  itemprop=\"thumbnailUrl\"  \/><\/div><\/div><\/div><br \/>\n<div  style='height:30px' class='hr hr-invisible  av-small-hide av-mini-hide  avia-builder-el-6  el_after_av_image  el_before_av_textblock'><span class='hr-inner' ><span class='hr-inner-style'><\/span><\/span><\/div><br \/>\n<section class=\"av_textblock_section  av-medium-hide av-small-hide av-mini-hide\"  itemscope=\"itemscope\" itemtype=\"https:\/\/schema.org\/CreativeWork\" ><div class='avia_textblock'  style='font-size:16px; '  itemprop=\"text\" ><div class=\"page\" title=\"Seite 2\">\n<div class=\"section\">\n<div class=\"layoutArea\">\n<div class=\"column\">\n<p>In jeder Fertigungsumgebung kann es eine Herausforderung sein, die F\u00e4higkeiten und Kompetenzen der Mitarbeiter effektiv zu verfolgen. Aber wenn es richtig gemacht wird, kann es Unternehmen helfen, fundiertere Entscheidungen zu treffen und die Gesamtproduktivit\u00e4t zu verbessern.<\/p>\n<p>Die Entwicklung eines Skills- und Kompetenzmanagementprogramms kann Ihnen dabei helfen, die F\u00e4higkeiten Ihrer Belegschaft zu organisieren, zu standardisieren und nachzuverfolgen. Dies ist besonders in gro\u00dfen Unternehmen n\u00fctzlich, in denen die manuelle Pflege einzelner Mitarbeiterdatens\u00e4tze zeitaufw\u00e4ndig und kostspielig sein kann.<\/p>\n<p>Wenn eine Organisation die F\u00e4higkeiten und Kompetenzen ihrer Belegschaft kennt, k\u00f6nnen Manager Aufgaben besser zuweisen und bestimmte Rollen erf\u00fcllen, gezielte Schulungen anbieten und Qualifikationsl\u00fccken identifizieren.<\/p>\n<p><b>Skills-Management-Software <\/b>wird zunehmend verwendet, um den Prozess der Validierung und Nachverfolgung von Mitarbeiterqualifikationen zu organisieren, zu automatisieren und zu vereinfachen.<\/p>\n<div class=\"page\" title=\"Seite 3\">\n<div class=\"section\">\n<div class=\"layoutArea\">\n<div class=\"column\"><\/div>\n<\/div>\n<\/div>\n<\/div>\n<\/div>\n<\/div>\n<\/div>\n<\/div>\n<\/div><\/section><\/p><\/div><div class=\"flex_column av_one_half  av-break-at-tablet flex_column_div   avia-builder-el-8  el_after_av_one_half  avia-builder-el-last  form-container-column\" style='padding:0px 0px 0px 30px ; border-radius:0px; '><p><section class=\"av_textblock_section  av-medium-hide av-small-hide av-mini-hide\"  itemscope=\"itemscope\" itemtype=\"https:\/\/schema.org\/CreativeWork\" ><div class='avia_textblock  av_inherit_color'  style='color:#ffffff; '  itemprop=\"text\" ><p>Die Kombination aus einer vernetzten Belegschaft und der Digitalisierung des Kompetenzmanagements hilft Herstellern, die L\u00fccke zwischen Ausbildung, F\u00e4higkeiten und Arbeit f\u00fcr die sich ver\u00e4ndernde Belegschaft von heute zu schlie\u00dfen.<\/p>\n<p>Mit Smart Digitization k\u00f6nnen Unternehmen kontinuierlichen Mehrwert liefern. Genauer gesagt, Mitarbeiterintelligenz in Echtzeit, die Einblicke in Schulungs-, Anleitungs- und Supportbedarf sowie echte, umsetzbare Einblicke in kontinuierliche Verbesserungsm\u00f6glichkeiten bieten kann.<\/p>\n<p>Laden Sie unser eBook herunter, um mehr zu erfahren.<\/p>\n<\/div><\/section><br \/>\n<div  style='height:50px' class='hr hr-invisible  av-medium-hide av-small-hide av-mini-hide  avia-builder-el-10  el_after_av_textblock  el_before_av_image'><span class='hr-inner' ><span class='hr-inner-style'><\/span><\/span><\/div><br \/>\n<div  class='avia-image-container  av-styling-   av-desktop-hide  avia-builder-el-11  el_after_av_hr  el_before_av_button  avia-align-center'  itemprop=\"image\" itemscope=\"itemscope\" itemtype=\"https:\/\/schema.org\/ImageObject\"  ><div class='avia-image-container-inner'><div class='avia-image-overlay-wrap'><img class='avia_image' src='https:\/\/www.augmentir.com\/wp-content\/uploads\/2022\/09\/the-future-of-training-and-skills-management-m.png' alt='Die Zukunft des Trainings- und Kompetenzmanagements' title='' height=\"630\" width=\"1200\"  itemprop=\"thumbnailUrl\"  \/><\/div><\/div><\/div><br \/>\n<div  class='avia-button-wrap avia-button-center  avia-builder-el-12  el_after_av_image  el_before_av_codeblock' ><a href='#download-form'  class='avia-button   av-desktop-hide avia-icon_select-yes-right-icon avia-color-custom avia-size-small avia-position-center'  style='background-color:#061d27; border-color:#061d27; color:#ffffff; ' ><span class='avia_iconbox_title' >eBook herunterladen<\/span><span class='avia_button_icon avia_button_icon_right' aria-hidden='true' data-av_icon='\ue87b' data-av_iconfont='entypo-fontello'><\/span><\/a><\/div><br \/>\n<\/p><\/div><\/div><\/div><\/main><!-- close content main element --><\/div><\/div><div id='after_section_1'  class='main_color av_default_container_wrap container_wrap sidebar_right' style=' '  ><div class='container' ><div class='template-page content  av-content-small alpha units'><div class='post-entry post-entry-type-page post-entry-13341'><div class='entry-content-wrapper clearfix'>","protected":false},"excerpt":{"rendered":"","protected":false},"author":1,"featured_media":13142,"parent":3846,"menu_order":0,"comment_status":"closed","ping_status":"closed","template":"","meta":{"inline_featured_image":false,"_lmt_disableupdate":"no","_lmt_disable":"","footnotes":""},"class_list":["post-13341","page","type-page","status-publish","has-post-thumbnail","hentry"],"yoast_head":"<!-- This site is optimized with the Yoast SEO plugin v27.2 - https:\/\/yoast.com\/product\/yoast-seo-wordpress\/ -->\n<title>Skills Management eBook - Augmentir<\/title>\n<meta name=\"description\" content=\"How Smart Skills Management Software is helping manufacturers bridge the gap between training, skills, and work for today\u2019s changing workforce.\" \/>\n<meta name=\"robots\" content=\"index, follow, max-snippet:-1, max-image-preview:large, max-video-preview:-1\" \/>\n<link rel=\"canonical\" href=\"https:\/\/www.augmentir.com\/de\/lp\/skills-ebook\" \/>\n<meta property=\"og:locale\" content=\"de_DE\" \/>\n<meta property=\"og:type\" content=\"article\" \/>\n<meta property=\"og:title\" content=\"Skills Management eBook - Augmentir\" \/>\n<meta property=\"og:description\" content=\"How Smart Skills Management Software is helping manufacturers bridge the gap between training, skills, and work for today\u2019s changing workforce.\" \/>\n<meta property=\"og:url\" content=\"https:\/\/www.augmentir.com\/de\/lp\/skills-ebook\" \/>\n<meta property=\"og:site_name\" content=\"Augmentir\" \/>\n<meta property=\"og:image\" content=\"https:\/\/www.augmentir.com\/wp-content\/uploads\/2022\/09\/the-future-of-training-and-skills-management.png\" \/>\n\t<meta property=\"og:image:width\" content=\"1200\" \/>\n\t<meta property=\"og:image:height\" content=\"630\" \/>\n\t<meta property=\"og:image:type\" content=\"image\/png\" \/>\n<meta name=\"twitter:card\" content=\"summary_large_image\" \/>\n<meta name=\"twitter:site\" content=\"@augmentir\" \/>\n<script type=\"application\/ld+json\" class=\"yoast-schema-graph\">{\"@context\":\"https:\/\/schema.org\",\"@graph\":[{\"@type\":\"WebPage\",\"@id\":\"https:\/\/www.augmentir.com\/lp\/skills-ebook\",\"url\":\"https:\/\/www.augmentir.com\/lp\/skills-ebook\",\"name\":\"Skills Management eBook - Augmentir\",\"isPartOf\":{\"@id\":\"https:\/\/www.augmentir.com\/#website\"},\"primaryImageOfPage\":{\"@id\":\"https:\/\/www.augmentir.com\/lp\/skills-ebook#primaryimage\"},\"image\":{\"@id\":\"https:\/\/www.augmentir.com\/lp\/skills-ebook#primaryimage\"},\"thumbnailUrl\":\"https:\/\/www.augmentir.com\/wp-content\/uploads\/2022\/09\/the-future-of-training-and-skills-management.png\",\"datePublished\":\"2023-03-09T14:46:49+00:00\",\"description\":\"How Smart Skills Management Software is helping manufacturers bridge the gap between training, skills, and work for today\u2019s changing workforce.\",\"breadcrumb\":{\"@id\":\"https:\/\/www.augmentir.com\/lp\/skills-ebook#breadcrumb\"},\"inLanguage\":\"de-DE\",\"potentialAction\":[{\"@type\":\"ReadAction\",\"target\":[\"https:\/\/www.augmentir.com\/lp\/skills-ebook\"]}]},{\"@type\":\"ImageObject\",\"inLanguage\":\"de-DE\",\"@id\":\"https:\/\/www.augmentir.com\/lp\/skills-ebook#primaryimage\",\"url\":\"https:\/\/www.augmentir.com\/wp-content\/uploads\/2022\/09\/the-future-of-training-and-skills-management.png\",\"contentUrl\":\"https:\/\/www.augmentir.com\/wp-content\/uploads\/2022\/09\/the-future-of-training-and-skills-management.png\",\"width\":1200,\"height\":630,\"caption\":\"the future of training and skills management\"},{\"@type\":\"BreadcrumbList\",\"@id\":\"https:\/\/www.augmentir.com\/lp\/skills-ebook#breadcrumb\",\"itemListElement\":[{\"@type\":\"ListItem\",\"position\":1,\"name\":\"Home\",\"item\":\"https:\/\/www.augmentir.com\/\"},{\"@type\":\"ListItem\",\"position\":2,\"name\":\"Augmentir &#8211; Augmented Operations Platform\",\"item\":\"https:\/\/www.augmentir.com\/lp\"},{\"@type\":\"ListItem\",\"position\":3,\"name\":\"Skills Management eBook\"}]},{\"@type\":\"WebSite\",\"@id\":\"https:\/\/www.augmentir.com\/#website\",\"url\":\"https:\/\/www.augmentir.com\/\",\"name\":\"Augmentir\",\"description\":\"AI-Powered Connected Worker Platform\",\"publisher\":{\"@id\":\"https:\/\/www.augmentir.com\/#organization\"},\"potentialAction\":[{\"@type\":\"SearchAction\",\"target\":{\"@type\":\"EntryPoint\",\"urlTemplate\":\"https:\/\/www.augmentir.com\/?s={search_term_string}\"},\"query-input\":{\"@type\":\"PropertyValueSpecification\",\"valueRequired\":true,\"valueName\":\"search_term_string\"}}],\"inLanguage\":\"de-DE\"},{\"@type\":\"Organization\",\"@id\":\"https:\/\/www.augmentir.com\/#organization\",\"name\":\"Augmentir, Inc.\",\"url\":\"https:\/\/www.augmentir.com\/\",\"logo\":{\"@type\":\"ImageObject\",\"inLanguage\":\"de-DE\",\"@id\":\"https:\/\/www.augmentir.com\/#\/schema\/logo\/image\/\",\"url\":\"https:\/\/www.augmentir.com\/wp-content\/uploads\/2021\/10\/Augmentir_Logo.svg\",\"contentUrl\":\"https:\/\/www.augmentir.com\/wp-content\/uploads\/2021\/10\/Augmentir_Logo.svg\",\"width\":\"1200\",\"height\":\"1200\",\"caption\":\"Augmentir, Inc.\"},\"image\":{\"@id\":\"https:\/\/www.augmentir.com\/#\/schema\/logo\/image\/\"},\"sameAs\":[\"https:\/\/x.com\/augmentir\",\"https:\/\/www.linkedin.com\/company\/augmentir\"]}]}<\/script>\n<!-- \/ Yoast SEO plugin. -->","yoast_head_json":{"title":"Skills Management eBook - Augmentir","description":"How Smart Skills Management Software is helping manufacturers bridge the gap between training, skills, and work for today\u2019s changing workforce.","robots":{"index":"index","follow":"follow","max-snippet":"max-snippet:-1","max-image-preview":"max-image-preview:large","max-video-preview":"max-video-preview:-1"},"canonical":"https:\/\/www.augmentir.com\/de\/lp\/skills-ebook","og_locale":"de_DE","og_type":"article","og_title":"Skills Management eBook - Augmentir","og_description":"How Smart Skills Management Software is helping manufacturers bridge the gap between training, skills, and work for today\u2019s changing workforce.","og_url":"https:\/\/www.augmentir.com\/de\/lp\/skills-ebook","og_site_name":"Augmentir","og_image":[{"width":1200,"height":630,"url":"https:\/\/www.augmentir.com\/wp-content\/uploads\/2022\/09\/the-future-of-training-and-skills-management.png","type":"image\/png"}],"twitter_card":"summary_large_image","twitter_site":"@augmentir","schema":{"@context":"https:\/\/schema.org","@graph":[{"@type":"WebPage","@id":"https:\/\/www.augmentir.com\/lp\/skills-ebook","url":"https:\/\/www.augmentir.com\/lp\/skills-ebook","name":"Skills Management eBook - Augmentir","isPartOf":{"@id":"https:\/\/www.augmentir.com\/#website"},"primaryImageOfPage":{"@id":"https:\/\/www.augmentir.com\/lp\/skills-ebook#primaryimage"},"image":{"@id":"https:\/\/www.augmentir.com\/lp\/skills-ebook#primaryimage"},"thumbnailUrl":"https:\/\/www.augmentir.com\/wp-content\/uploads\/2022\/09\/the-future-of-training-and-skills-management.png","datePublished":"2023-03-09T14:46:49+00:00","description":"How Smart Skills Management Software is helping manufacturers bridge the gap between training, skills, and work for today\u2019s changing workforce.","breadcrumb":{"@id":"https:\/\/www.augmentir.com\/lp\/skills-ebook#breadcrumb"},"inLanguage":"de-DE","potentialAction":[{"@type":"ReadAction","target":["https:\/\/www.augmentir.com\/lp\/skills-ebook"]}]},{"@type":"ImageObject","inLanguage":"de-DE","@id":"https:\/\/www.augmentir.com\/lp\/skills-ebook#primaryimage","url":"https:\/\/www.augmentir.com\/wp-content\/uploads\/2022\/09\/the-future-of-training-and-skills-management.png","contentUrl":"https:\/\/www.augmentir.com\/wp-content\/uploads\/2022\/09\/the-future-of-training-and-skills-management.png","width":1200,"height":630,"caption":"the future of training and skills management"},{"@type":"BreadcrumbList","@id":"https:\/\/www.augmentir.com\/lp\/skills-ebook#breadcrumb","itemListElement":[{"@type":"ListItem","position":1,"name":"Home","item":"https:\/\/www.augmentir.com\/"},{"@type":"ListItem","position":2,"name":"Augmentir &#8211; Augmented Operations Platform","item":"https:\/\/www.augmentir.com\/lp"},{"@type":"ListItem","position":3,"name":"Skills Management eBook"}]},{"@type":"WebSite","@id":"https:\/\/www.augmentir.com\/#website","url":"https:\/\/www.augmentir.com\/","name":"Augmentir","description":"AI-Powered Connected Worker Platform","publisher":{"@id":"https:\/\/www.augmentir.com\/#organization"},"potentialAction":[{"@type":"SearchAction","target":{"@type":"EntryPoint","urlTemplate":"https:\/\/www.augmentir.com\/?s={search_term_string}"},"query-input":{"@type":"PropertyValueSpecification","valueRequired":true,"valueName":"search_term_string"}}],"inLanguage":"de-DE"},{"@type":"Organization","@id":"https:\/\/www.augmentir.com\/#organization","name":"Augmentir, Inc.","url":"https:\/\/www.augmentir.com\/","logo":{"@type":"ImageObject","inLanguage":"de-DE","@id":"https:\/\/www.augmentir.com\/#\/schema\/logo\/image\/","url":"https:\/\/www.augmentir.com\/wp-content\/uploads\/2021\/10\/Augmentir_Logo.svg","contentUrl":"https:\/\/www.augmentir.com\/wp-content\/uploads\/2021\/10\/Augmentir_Logo.svg","width":"1200","height":"1200","caption":"Augmentir, Inc."},"image":{"@id":"https:\/\/www.augmentir.com\/#\/schema\/logo\/image\/"},"sameAs":["https:\/\/x.com\/augmentir","https:\/\/www.linkedin.com\/company\/augmentir"]}]}},"_links":{"self":[{"href":"https:\/\/www.augmentir.com\/de\/wp-json\/wp\/v2\/pages\/13341","targetHints":{"allow":["GET"]}}],"collection":[{"href":"https:\/\/www.augmentir.com\/de\/wp-json\/wp\/v2\/pages"}],"about":[{"href":"https:\/\/www.augmentir.com\/de\/wp-json\/wp\/v2\/types\/page"}],"author":[{"embeddable":true,"href":"https:\/\/www.augmentir.com\/de\/wp-json\/wp\/v2\/users\/1"}],"replies":[{"embeddable":true,"href":"https:\/\/www.augmentir.com\/de\/wp-json\/wp\/v2\/comments?post=13341"}],"version-history":[{"count":0,"href":"https:\/\/www.augmentir.com\/de\/wp-json\/wp\/v2\/pages\/13341\/revisions"}],"up":[{"embeddable":true,"href":"https:\/\/www.augmentir.com\/de\/wp-json\/wp\/v2\/pages\/3846"}],"wp:featuredmedia":[{"embeddable":true,"href":"https:\/\/www.augmentir.com\/de\/wp-json\/wp\/v2\/media\/13142"}],"wp:attachment":[{"href":"https:\/\/www.augmentir.com\/de\/wp-json\/wp\/v2\/media?parent=13341"}],"curies":[{"name":"wp","href":"https:\/\/api.w.org\/{rel}","templated":true}]}}