{"id":13333,"date":"2023-03-08T15:59:32","date_gmt":"2023-03-08T15:59:32","guid":{"rendered":"https:\/\/www.augmentir.com\/?page_id=13333"},"modified":"2024-11-23T11:49:36","modified_gmt":"2024-11-23T11:49:36","slug":"wcm-vs-lean","status":"publish","type":"page","link":"https:\/\/www.augmentir.com\/de\/world-class-manufacturing\/wcm-vs-lean","title":{"rendered":"Weltklasse-Fertigung vs. Lean Manufacturing"},"content":{"rendered":"<div id='av_section_1'  class='avia-section main_color avia-section-small avia-no-border-styling avia-bg-style-scroll  avia-builder-el-0  el_before_av_section  avia-builder-el-first  glossary-container  container_wrap sidebar_right' style=' margin-top:10px; margin-bottom:0px; '  ><div class='container' ><main  role=\"main\" itemprop=\"mainContentOfPage\"  class='template-page content  av-content-small alpha units'><div class='post-entry post-entry-type-page post-entry-13333'><div class='entry-content-wrapper clearfix'>\n<div class=\"flex_column av_one_full  flex_column_div av-zero-column-padding first  avia-builder-el-1  avia-builder-el-no-sibling\" style='border-radius:0px; '><p><div  style='padding-bottom:10px; margin-top:16px; font-size:44px;' class='av-special-heading av-special-heading-h1  blockquote modern-quote  avia-builder-el-2  el_before_av_textblock  avia-builder-el-first  av-inherit-size'><h1 class='av-special-heading-tag'  itemprop=\"headline\"  >Weltklasse-Fertigung vs. Lean Manufacturing<\/h1><div class='special-heading-border'><div class='special-heading-inner-border' ><\/div><\/div><\/div><br \/>\n<section class=\"av_textblock_section\"  itemscope=\"itemscope\" itemtype=\"https:\/\/schema.org\/CreativeWork\" ><div class='avia_textblock'   itemprop=\"text\" ><p>World Class Manufacturing (WCM) und Lean Manufacturing sind Produktionsmethoden, die darauf abzielen, die Produkteffizienz zu verbessern, Kosten zu senken, Innovationen zu f\u00f6rdern und die Markteinf\u00fchrungszeit zu verk\u00fcrzen. Die beiden werden oft in Verbindung miteinander verwendet, um Abfall zu minimieren und den t\u00e4glichen Betrieb zu verbessern.<\/p>\n<p>Insbesondere ist Weltklasse-Fertigung ein Managementansatz zur Herstellung der besten, zeitnahsten und kosteng\u00fcnstigsten Produkte oder Dienstleistungen. Lean Manufacturing hingegen arbeitet daran, Verschwendung zu reduzieren und die Produktivit\u00e4t zu maximieren, um die Prozesse am Flie\u00dfband zu verbessern.<\/p>\n<p>Bei richtiger Umsetzung k\u00f6nnen Ihnen beide Strategien den Wettbewerbsvorteil verschaffen, den Sie suchen. Erkunden Sie die folgenden Themen, um mehr \u00fcber Weltklasse-Fertigung vs. Lean Manufacturing zu erfahren:<\/p>\n<ul>\n<li><a href=\"#difference-between-wcm-and-lean-manufacturing\">Unterschied zwischen WCM und Lean Manufacturing<\/a><\/li>\n<li><a href=\"#benefits-of-world-class-manufacturing\">Vorteile einer Weltklasse-Fertigung<\/a><\/li>\n<li><a href=\"#lean-manufacturing-advantages\">Vorteile der schlanken Fertigung<\/a><\/li>\n<\/ul>\n<\/div><\/section><br \/>\n<div  class='avia-image-container  av-styling-    avia-builder-el-4  el_after_av_textblock  avia-builder-el-last  avia-align-center'  itemprop=\"image\" itemscope=\"itemscope\" itemtype=\"https:\/\/schema.org\/ImageObject\"  ><div class='avia-image-container-inner'><div class='avia-image-overlay-wrap'><img class='avia_image' src='https:\/\/www.augmentir.com\/wp-content\/uploads\/2022\/06\/lean-manufacturing.jpg' alt='schlanke Fertigung' title='' height=\"630\" width=\"1200\"  itemprop=\"thumbnailUrl\"  \/><\/div><\/div><\/div><\/p><\/div>\n\n<\/div><\/div><\/main><!-- close content main element --><\/div><\/div><div id='difference-between-wcm-and-lean-manufacturing'  class='avia-section main_color avia-section-no-padding avia-no-border-styling avia-bg-style-scroll  avia-builder-el-5  el_after_av_section  el_before_av_section  glossary-container  container_wrap sidebar_right' style=' '  ><div class='container' ><div class='template-page content  av-content-small alpha units'><div class='post-entry post-entry-type-page post-entry-13333'><div class='entry-content-wrapper clearfix'>\n<div class=\"flex_column av_one_full  flex_column_div av-zero-column-padding first  avia-builder-el-6  avia-builder-el-no-sibling\" style='border-radius:0px; '><p><div  style='padding-bottom:10px; font-size:32px;' class='av-special-heading av-special-heading-h2  blockquote modern-quote  avia-builder-el-7  el_before_av_textblock  avia-builder-el-first  av-inherit-size'><h2 class='av-special-heading-tag'  itemprop=\"headline\"  >Unterschied zwischen WCM und Lean Manufacturing<\/h2><div class='special-heading-border'><div class='special-heading-inner-border' ><\/div><\/div><\/div><br \/>\n<section class=\"av_textblock_section\"  itemscope=\"itemscope\" itemtype=\"https:\/\/schema.org\/CreativeWork\" ><div class='avia_textblock'   itemprop=\"text\" ><p>Kurz gesagt, WCM ist eine allgemeine Methodik, die auf das gesamte Gesch\u00e4ftsmodell eines Unternehmens angewendet werden kann, w\u00e4hrend Lean Manufacturing ein spezifischer Ansatz ist, der verwendet wird, um Verschwendung in der Produktionslinie zu reduzieren.<\/p>\n<p>Beginnen mit, <a href=\"https:\/\/www.augmentir.com\/lean-manufacturing\">schlanke Fertigung<\/a> Bekanntheit erlangte sie Anfang des 20<sup>th<\/sup> Jahrhundert, nachdem die Massenproduktion am Flie\u00dfband weit verbreitet war. Dann, in den 1950er Jahren, schufen Shigeo Shingo und Taiichi Ohno von der Toyota Motor Corporation den <a href=\"https:\/\/www.toyota-europe.com\/about-us\/toyota-vision-and-philosophy\/toyota-production-system\" target=\"_blank\" rel=\"noopener\">Toyota Produktionssystem<\/a>, die schlie\u00dflich zur Grundlage der schlanken Produktion in Amerika wurde.<\/p>\n<p>Lean Manufacturing tr\u00e4gt unter anderem dazu bei, Lieferzeiten zu verk\u00fcrzen und schneller auf Kundenanfragen zu reagieren. Diese Geschwindigkeit kann erreicht werden, indem Abfall aus dem Produktionsprozess entfernt wird, der als jeder Herstellungsprozess definiert ist, der dem Kunden keinen Wert bringt.<\/p>\n<p>Beispiele f\u00fcr Abf\u00e4lle k\u00f6nnen sein:<\/p>\n<ul>\n<li>Warten auf Arbeiter oder stillstehende Maschinen<\/li>\n<li>Waren\u00fcberschuss und begrenzte Nachfrage<\/li>\n<li>Fehler, die zu teuer sind, um sie zu beheben<\/li>\n<li>Unn\u00f6tiger Transport<\/li>\n<li>Anwenden unn\u00f6tiger Funktionen auf ein Produkt<\/li>\n<\/ul>\n<p><a href=\"https:\/\/www.augmentir.com\/world-class-manufacturing\">Weltklasse-Fertigung<\/a> ist eine Organisationsstrategie zur konsequenten Herstellung erschwinglicher, abfallfreier und nachhaltiger Produkte. Es wird von drei Hauptprinzipien geleitet, von denen Lean Manufacturing eines davon ist:<\/p>\n<ol>\n<li><strong>Einsatz von Lean Manufacturing und Just-in-Time-Techniken<\/strong> um Produktionsabfall und -kosten zu senken. Die beiden Methoden werden zusammen verwendet, um sicherzustellen, dass Artikel entwickelt werden, um die Kundennachfrage zu befriedigen, als im \u00dcberschuss. Dies kann erreicht werden, indem alle Flie\u00dfbandprozesse eliminiert werden, die dem Kunden keinen Nutzen bringen.<\/li>\n<li><strong>Total Quality Management integrieren<\/strong> um die Anzahl der Produktm\u00e4ngel zu reduzieren und die Zufriedenheit der Verbraucher zu verbessern. Dieser Ansatz basiert auf der Idee, dass sich jeder Mitarbeiter der kontinuierlichen Weiterentwicklung der Herstellungsprozesse und der Entwicklung hochwertiger Artikel widmet.<\/li>\n<li><strong>Bewirbt sich <\/strong><a href=\"https:\/\/www.augmentir.com\/glossary\/what-is-total-productive-maintenance\"><strong>Total produktive Wartung<\/strong><\/a><strong> (TPM)<\/strong> Fehlersuche und Behebung von Betriebsst\u00f6rungen, die zu fehlerhaften Ger\u00e4ten und Maschinen f\u00fchren k\u00f6nnen.<\/li>\n<\/ol>\n<p>Lerne mehr \u00fcber <a href=\"https:\/\/www.augmentir.com\/world-class-manufacturing\/best-practices-techniques\">Best Practices und Techniken der Weltklasse-Fertigung<\/a>.<\/p>\n<p>Zusammenfassend l\u00e4sst sich sagen, dass WCM verschiedene Techniken einsetzt, um Produktqualit\u00e4t und preisg\u00fcnstige Waren sicherzustellen, w\u00e4hrend Lean Manufacturing im Toyota-Produktionssystem verwurzelt ist, um Produktionsprozesse zu beseitigen, die dem Verbraucher keinen Mehrwert bringen.<\/p>\n<\/div><\/section><\/p><\/div>\n\n<\/div><\/div><\/div><!-- close content main div --><\/div><\/div><div id='benefits-of-world-class-manufacturing'  class='avia-section main_color avia-section-no-padding avia-no-border-styling avia-bg-style-scroll  avia-builder-el-9  el_after_av_section  el_before_av_section  glossary-container  container_wrap sidebar_right' style=' '  ><div class='container' ><div class='template-page content  av-content-small alpha units'><div class='post-entry post-entry-type-page post-entry-13333'><div class='entry-content-wrapper clearfix'>\n<div class=\"flex_column av_one_full  flex_column_div av-zero-column-padding first  avia-builder-el-10  avia-builder-el-no-sibling\" style='border-radius:0px; '><p><div  style='padding-bottom:10px; font-size:32px;' class='av-special-heading av-special-heading-h2  blockquote modern-quote  avia-builder-el-11  el_before_av_textblock  avia-builder-el-first  av-inherit-size'><h2 class='av-special-heading-tag'  itemprop=\"headline\"  >Vorteile einer Weltklasse-Fertigung<\/h2><div class='special-heading-border'><div class='special-heading-inner-border' ><\/div><\/div><\/div><br \/>\n<section class=\"av_textblock_section\"  itemscope=\"itemscope\" itemtype=\"https:\/\/schema.org\/CreativeWork\" ><div class='avia_textblock'   itemprop=\"text\" ><p>Weltklasse-Fertigung ist ein Leitprinzip f\u00fcr die effektive Verwaltung und den Betrieb eines Fertigungsunternehmens. Es ist bestrebt, Waren, Verfahren und Dienstleistungen in jeder Phase des Flie\u00dfbandprozesses zu verbessern.<\/p>\n<p>Die Anwendung von Weltklasse-Fertigung in der Fertigung bietet eine Reihe von Vorteilen, darunter:<\/p>\n<ul>\n<li>Verbessert die Produktqualit\u00e4t durch Reduzierung von Abfall in allen Bereichen des Produktionsprozesses<\/li>\n<li>Reduziert Kosten im Zusammenhang mit der Eliminierung unn\u00f6tiger Fertigungsprozesse, defekter Maschinen usw.<\/li>\n<li>Erh\u00f6ht die Ger\u00e4teeffizienz und vorbeugende Ma\u00dfnahmen zur Wartung von Maschinen<\/li>\n<li>Verbessert das Engagement der Mitarbeiter, indem alle Mitarbeiter, vom Management bis zu den Arbeitern am Flie\u00dfband, ermutigt werden, die Fertigungsprozesse kontinuierlich zu verbessern<\/li>\n<li>Verschafft Unternehmen einen Wettbewerbsvorteil, wenn erschwingliche, qualitativ hochwertige Produkte auf konstanter Basis geliefert werden<\/li>\n<\/ul>\n<\/div><\/section><\/p><\/div>\n\n<\/div><\/div><\/div><!-- close content main div --><\/div><\/div><div id='lean-manufacturing-advantages'  class='avia-section main_color avia-section-no-padding avia-no-border-styling avia-bg-style-scroll  avia-builder-el-13  el_after_av_section  el_before_av_section  glossary-container  container_wrap sidebar_right' style=' '  ><div class='container' ><div class='template-page content  av-content-small alpha units'><div class='post-entry post-entry-type-page post-entry-13333'><div class='entry-content-wrapper clearfix'>\n<div class=\"flex_column av_one_full  flex_column_div av-zero-column-padding first  avia-builder-el-14  avia-builder-el-no-sibling\" style='border-radius:0px; '><p><div  style='padding-bottom:10px; font-size:32px;' class='av-special-heading av-special-heading-h2  blockquote modern-quote  avia-builder-el-15  el_before_av_textblock  avia-builder-el-first  av-inherit-size'><h2 class='av-special-heading-tag'  itemprop=\"headline\"  >Vorteile der schlanken Fertigung<\/h2><div class='special-heading-border'><div class='special-heading-inner-border' ><\/div><\/div><\/div><br \/>\n<section class=\"av_textblock_section\"  itemscope=\"itemscope\" itemtype=\"https:\/\/schema.org\/CreativeWork\" ><div class='avia_textblock'   itemprop=\"text\" ><p>Lean Manufacturing hilft Unternehmen, weniger Verschwendung und eine h\u00f6here Effizienz des Produktionsprozesses zu gew\u00e4hrleisten.<\/p>\n<p>Einige Vorteile dieser Technik sind:<\/p>\n<ul>\n<li>Reduzierter Lagerbestand<\/li>\n<li>Schnellere Produktion bei reduzierten Kosten<\/li>\n<li>Weniger Produktm\u00e4ngel und mehr hochwertige Ware<\/li>\n<li>Gr\u00f6\u00dfere Kundenzufriedenheit, wenn Produktanforderungen erf\u00fcllt werden<\/li>\n<li>Optimierte und standardisierte Fertigungsaufgaben<\/li>\n<li>Weniger Maschinen- und Prozessausf\u00e4lle<\/li>\n<\/ul>\n<\/div><\/section><br \/>\n<div  class='avia-image-container  av-styling-    avia-builder-el-17  el_after_av_textblock  avia-builder-el-last  glossary-inline-image avia-align-center'  itemprop=\"image\" itemscope=\"itemscope\" itemtype=\"https:\/\/schema.org\/ImageObject\"  ><div class='avia-image-container-inner'><div class='avia-image-overlay-wrap'><img class='avia_image' src='https:\/\/www.augmentir.com\/wp-content\/uploads\/2022\/07\/product-connected-worker-suite.png' alt='vernetzte Worker-Plattform' title='' height=\"2154\" width=\"5240\"  itemprop=\"thumbnailUrl\"  \/><\/div><\/div><\/div><\/p><\/div>\n\n<\/div><\/div><\/div><!-- close content main div --><\/div><\/div><div id='av_section_5'  class='avia-section main_color avia-section-no-padding avia-no-border-styling avia-bg-style-scroll  avia-builder-el-18  el_after_av_section  avia-builder-el-last  glossary-container  container_wrap sidebar_right' style=' margin-top:0px; margin-bottom:50px; '  ><div class='container' ><div class='template-page content  av-content-small alpha units'><div class='post-entry post-entry-type-page post-entry-13333'><div class='entry-content-wrapper clearfix'>\n<section class=\"av_textblock_section\"  itemscope=\"itemscope\" itemtype=\"https:\/\/schema.org\/CreativeWork\" ><div class='avia_textblock'   itemprop=\"text\" ><p><strong>Augmentir ist die weltweit erste KI-gest\u00fctzte Software, die Unternehmen dabei unterst\u00fctzt, Weltklasse-Hersteller zu werden, die Lean-Management-Techniken einsetzen, um den t\u00e4glichen Betrieb zu verbessern.<\/strong><\/p>\n<p><strong>Unsere Connected-Worker-L\u00f6sung kann die Art und Weise ver\u00e4ndern, wie Sie Ihre t\u00e4glichen Produktionsabl\u00e4ufe handhaben. Anfrage a <a href=\"https:\/\/www.augmentir.com\/request-a-demo\">Live-Demo<\/a> um den Weg zur Transformation Ihrer Frontline-Operationen einzuschlagen.<\/strong><\/p>\n<\/div><\/section>\n<\/div><\/div><\/div><!-- close content main div --><\/div><\/div><div id='after_section_5'  class='main_color av_default_container_wrap container_wrap sidebar_right' style=' '  ><div class='container' ><div class='template-page content  av-content-small alpha units'><div class='post-entry post-entry-type-page post-entry-13333'><div class='entry-content-wrapper clearfix'>","protected":false},"excerpt":{"rendered":"","protected":false},"author":1,"featured_media":0,"parent":13330,"menu_order":0,"comment_status":"closed","ping_status":"closed","template":"","meta":{"inline_featured_image":false,"_lmt_disableupdate":"no","_lmt_disable":"","footnotes":""},"class_list":["post-13333","page","type-page","status-publish","hentry"],"yoast_head":"<!-- This site is optimized with the Yoast SEO plugin v27.2 - https:\/\/yoast.com\/product\/yoast-seo-wordpress\/ -->\n<title>World Class Manufacturing vs Lean Manufacturing - Augmentir<\/title>\n<meta name=\"description\" content=\"Learn about world class manufacturing vs. lean manufacturing to ensure top-notch products free of defects and greater customer satisfaction.\" \/>\n<meta name=\"robots\" content=\"index, follow, max-snippet:-1, max-image-preview:large, max-video-preview:-1\" \/>\n<link rel=\"canonical\" href=\"https:\/\/www.augmentir.com\/de\/world-class-manufacturing\/wcm-vs-lean\" \/>\n<meta property=\"og:locale\" content=\"de_DE\" \/>\n<meta property=\"og:type\" content=\"article\" \/>\n<meta property=\"og:title\" content=\"World Class Manufacturing vs Lean Manufacturing - Augmentir\" \/>\n<meta property=\"og:description\" content=\"Learn about world class manufacturing vs. lean manufacturing to ensure top-notch products free of defects and greater customer satisfaction.\" \/>\n<meta property=\"og:url\" content=\"https:\/\/www.augmentir.com\/de\/world-class-manufacturing\/wcm-vs-lean\" \/>\n<meta property=\"og:site_name\" content=\"Augmentir\" \/>\n<meta property=\"article:modified_time\" content=\"2024-11-23T11:49:36+00:00\" \/>\n<meta name=\"twitter:card\" content=\"summary_large_image\" \/>\n<meta name=\"twitter:site\" content=\"@augmentir\" \/>\n<script type=\"application\/ld+json\" class=\"yoast-schema-graph\">{\"@context\":\"https:\/\/schema.org\",\"@graph\":[{\"@type\":\"WebPage\",\"@id\":\"https:\/\/www.augmentir.com\/world-class-manufacturing\/wcm-vs-lean\",\"url\":\"https:\/\/www.augmentir.com\/world-class-manufacturing\/wcm-vs-lean\",\"name\":\"World Class Manufacturing vs Lean Manufacturing - Augmentir\",\"isPartOf\":{\"@id\":\"https:\/\/www.augmentir.com\/#website\"},\"datePublished\":\"2023-03-08T15:59:32+00:00\",\"dateModified\":\"2024-11-23T11:49:36+00:00\",\"description\":\"Learn about world class manufacturing vs. lean manufacturing to ensure top-notch products free of defects and greater customer satisfaction.\",\"breadcrumb\":{\"@id\":\"https:\/\/www.augmentir.com\/world-class-manufacturing\/wcm-vs-lean#breadcrumb\"},\"inLanguage\":\"de-DE\",\"potentialAction\":[{\"@type\":\"ReadAction\",\"target\":[\"https:\/\/www.augmentir.com\/world-class-manufacturing\/wcm-vs-lean\"]}]},{\"@type\":\"BreadcrumbList\",\"@id\":\"https:\/\/www.augmentir.com\/world-class-manufacturing\/wcm-vs-lean#breadcrumb\",\"itemListElement\":[{\"@type\":\"ListItem\",\"position\":1,\"name\":\"Home\",\"item\":\"https:\/\/www.augmentir.com\/\"},{\"@type\":\"ListItem\",\"position\":2,\"name\":\"World Class Manufacturing (WCM) Guide\",\"item\":\"https:\/\/www.augmentir.com\/world-class-manufacturing\"},{\"@type\":\"ListItem\",\"position\":3,\"name\":\"World Class Manufacturing vs Lean Manufacturing\"}]},{\"@type\":\"WebSite\",\"@id\":\"https:\/\/www.augmentir.com\/#website\",\"url\":\"https:\/\/www.augmentir.com\/\",\"name\":\"Augmentir\",\"description\":\"AI-Powered Connected Worker Platform\",\"publisher\":{\"@id\":\"https:\/\/www.augmentir.com\/#organization\"},\"potentialAction\":[{\"@type\":\"SearchAction\",\"target\":{\"@type\":\"EntryPoint\",\"urlTemplate\":\"https:\/\/www.augmentir.com\/?s={search_term_string}\"},\"query-input\":{\"@type\":\"PropertyValueSpecification\",\"valueRequired\":true,\"valueName\":\"search_term_string\"}}],\"inLanguage\":\"de-DE\"},{\"@type\":\"Organization\",\"@id\":\"https:\/\/www.augmentir.com\/#organization\",\"name\":\"Augmentir, Inc.\",\"url\":\"https:\/\/www.augmentir.com\/\",\"logo\":{\"@type\":\"ImageObject\",\"inLanguage\":\"de-DE\",\"@id\":\"https:\/\/www.augmentir.com\/#\/schema\/logo\/image\/\",\"url\":\"https:\/\/www.augmentir.com\/wp-content\/uploads\/2021\/10\/Augmentir_Logo.svg\",\"contentUrl\":\"https:\/\/www.augmentir.com\/wp-content\/uploads\/2021\/10\/Augmentir_Logo.svg\",\"width\":\"1200\",\"height\":\"1200\",\"caption\":\"Augmentir, Inc.\"},\"image\":{\"@id\":\"https:\/\/www.augmentir.com\/#\/schema\/logo\/image\/\"},\"sameAs\":[\"https:\/\/x.com\/augmentir\",\"https:\/\/www.linkedin.com\/company\/augmentir\"]}]}<\/script>\n<!-- \/ Yoast SEO plugin. -->","yoast_head_json":{"title":"World Class Manufacturing vs Lean Manufacturing - Augmentir","description":"Learn about world class manufacturing vs. lean manufacturing to ensure top-notch products free of defects and greater customer satisfaction.","robots":{"index":"index","follow":"follow","max-snippet":"max-snippet:-1","max-image-preview":"max-image-preview:large","max-video-preview":"max-video-preview:-1"},"canonical":"https:\/\/www.augmentir.com\/de\/world-class-manufacturing\/wcm-vs-lean","og_locale":"de_DE","og_type":"article","og_title":"World Class Manufacturing vs Lean Manufacturing - Augmentir","og_description":"Learn about world class manufacturing vs. lean manufacturing to ensure top-notch products free of defects and greater customer satisfaction.","og_url":"https:\/\/www.augmentir.com\/de\/world-class-manufacturing\/wcm-vs-lean","og_site_name":"Augmentir","article_modified_time":"2024-11-23T11:49:36+00:00","twitter_card":"summary_large_image","twitter_site":"@augmentir","schema":{"@context":"https:\/\/schema.org","@graph":[{"@type":"WebPage","@id":"https:\/\/www.augmentir.com\/world-class-manufacturing\/wcm-vs-lean","url":"https:\/\/www.augmentir.com\/world-class-manufacturing\/wcm-vs-lean","name":"World Class Manufacturing vs Lean Manufacturing - Augmentir","isPartOf":{"@id":"https:\/\/www.augmentir.com\/#website"},"datePublished":"2023-03-08T15:59:32+00:00","dateModified":"2024-11-23T11:49:36+00:00","description":"Learn about world class manufacturing vs. lean manufacturing to ensure top-notch products free of defects and greater customer satisfaction.","breadcrumb":{"@id":"https:\/\/www.augmentir.com\/world-class-manufacturing\/wcm-vs-lean#breadcrumb"},"inLanguage":"de-DE","potentialAction":[{"@type":"ReadAction","target":["https:\/\/www.augmentir.com\/world-class-manufacturing\/wcm-vs-lean"]}]},{"@type":"BreadcrumbList","@id":"https:\/\/www.augmentir.com\/world-class-manufacturing\/wcm-vs-lean#breadcrumb","itemListElement":[{"@type":"ListItem","position":1,"name":"Home","item":"https:\/\/www.augmentir.com\/"},{"@type":"ListItem","position":2,"name":"World Class Manufacturing (WCM) Guide","item":"https:\/\/www.augmentir.com\/world-class-manufacturing"},{"@type":"ListItem","position":3,"name":"World Class Manufacturing vs Lean Manufacturing"}]},{"@type":"WebSite","@id":"https:\/\/www.augmentir.com\/#website","url":"https:\/\/www.augmentir.com\/","name":"Augmentir","description":"AI-Powered Connected Worker Platform","publisher":{"@id":"https:\/\/www.augmentir.com\/#organization"},"potentialAction":[{"@type":"SearchAction","target":{"@type":"EntryPoint","urlTemplate":"https:\/\/www.augmentir.com\/?s={search_term_string}"},"query-input":{"@type":"PropertyValueSpecification","valueRequired":true,"valueName":"search_term_string"}}],"inLanguage":"de-DE"},{"@type":"Organization","@id":"https:\/\/www.augmentir.com\/#organization","name":"Augmentir, Inc.","url":"https:\/\/www.augmentir.com\/","logo":{"@type":"ImageObject","inLanguage":"de-DE","@id":"https:\/\/www.augmentir.com\/#\/schema\/logo\/image\/","url":"https:\/\/www.augmentir.com\/wp-content\/uploads\/2021\/10\/Augmentir_Logo.svg","contentUrl":"https:\/\/www.augmentir.com\/wp-content\/uploads\/2021\/10\/Augmentir_Logo.svg","width":"1200","height":"1200","caption":"Augmentir, Inc."},"image":{"@id":"https:\/\/www.augmentir.com\/#\/schema\/logo\/image\/"},"sameAs":["https:\/\/x.com\/augmentir","https:\/\/www.linkedin.com\/company\/augmentir"]}]}},"_links":{"self":[{"href":"https:\/\/www.augmentir.com\/de\/wp-json\/wp\/v2\/pages\/13333","targetHints":{"allow":["GET"]}}],"collection":[{"href":"https:\/\/www.augmentir.com\/de\/wp-json\/wp\/v2\/pages"}],"about":[{"href":"https:\/\/www.augmentir.com\/de\/wp-json\/wp\/v2\/types\/page"}],"author":[{"embeddable":true,"href":"https:\/\/www.augmentir.com\/de\/wp-json\/wp\/v2\/users\/1"}],"replies":[{"embeddable":true,"href":"https:\/\/www.augmentir.com\/de\/wp-json\/wp\/v2\/comments?post=13333"}],"version-history":[{"count":0,"href":"https:\/\/www.augmentir.com\/de\/wp-json\/wp\/v2\/pages\/13333\/revisions"}],"up":[{"embeddable":true,"href":"https:\/\/www.augmentir.com\/de\/wp-json\/wp\/v2\/pages\/13330"}],"wp:attachment":[{"href":"https:\/\/www.augmentir.com\/de\/wp-json\/wp\/v2\/media?parent=13333"}],"curies":[{"name":"wp","href":"https:\/\/api.w.org\/{rel}","templated":true}]}}