{"id":13218,"date":"2022-11-29T04:41:49","date_gmt":"2022-11-29T04:41:49","guid":{"rendered":"https:\/\/www.augmentir.com\/?page_id=13218"},"modified":"2022-12-14T12:38:27","modified_gmt":"2022-12-14T12:38:27","slug":"frost-sullivan-2022-customer-value-award","status":"publish","type":"page","link":"https:\/\/www.augmentir.com\/de\/frost-sullivan-2022-customer-value-award","title":{"rendered":"Frost &amp; Sullivan 2022 Customer Value Award"},"content":{"rendered":"<div id='top-section'  class='avia-section main_color avia-section-default avia-no-border-styling avia-bg-style-scroll  avia-builder-el-0  avia-builder-el-no-sibling   container_wrap sidebar_right' style='background-repeat: repeat-y; background-image: url(https:\/\/www.augmentir.com\/wp-content\/uploads\/2021\/10\/page-half-background.png);background-attachment: scroll; background-position: center center;  '  data-section-bg-repeat='repeat-y'><div class='container' ><main  role=\"main\" itemprop=\"mainContentOfPage\"  class='template-page content  av-content-small alpha units'><div class='post-entry post-entry-type-page post-entry-13218'><div class='entry-content-wrapper clearfix'>\n<div class=\"flex_column av_one_half  av-break-at-tablet flex_column_div first  avia-builder-el-1  el_before_av_one_half  avia-builder-el-first\" style='padding:0px 30px 0px 0px ; border-radius:0px; '><p><section class=\"av_textblock_section\"  itemscope=\"itemscope\" itemtype=\"https:\/\/schema.org\/CreativeWork\" ><div class='avia_textblock eyebrow-headline av_inherit_color'  style='color:#222222; '  itemprop=\"text\" ><p>Connected Worker-L\u00f6sungen<\/p>\n<\/div><\/section><br \/>\n<div  style='padding-bottom:0px; margin-top:0px; font-size:40px;' class='av-special-heading av-special-heading-h1  blockquote modern-quote  avia-builder-el-3  el_after_av_textblock  el_before_av_textblock  h1-page-title av-inherit-size'><h1 class='av-special-heading-tag'  itemprop=\"headline\"  >Frost <span class='special_amp'>&amp;<\/span> Sullivan 2022 Customer Value Award<\/h1><div class='special-heading-border'><div class='special-heading-inner-border' ><\/div><\/div><\/div><br \/>\n<section class=\"av_textblock_section\"  itemscope=\"itemscope\" itemtype=\"https:\/\/schema.org\/CreativeWork\" ><div class='avia_textblock'   itemprop=\"text\" ><div class=\"page\" title=\"Seite 1\">\n<div class=\"section\">\n<div class=\"layoutArea\">\n<div class=\"column\">\n<p>Frost &amp; Sullivan hat Augmentir den Customer Value Leadership Award 2022 als Anerkennung f\u00fcr sein Gesch\u00e4ftswachstum und seinen Kundeneinfluss in der Connected Worker Solutions-Branche verliehen.<\/p>\n<\/div>\n<\/div>\n<\/div>\n<\/div>\n<\/div><\/section><br \/>\n<div  class='avia-image-container  av-styling-    avia-builder-el-5  el_after_av_textblock  el_before_av_hr  avia-align-center'  itemprop=\"image\" itemscope=\"itemscope\" itemtype=\"https:\/\/schema.org\/ImageObject\"  ><div class='avia-image-container-inner'><div class='avia-image-overlay-wrap'><img class='avia_image' src='https:\/\/www.augmentir.com\/wp-content\/uploads\/2022\/11\/frost-sullivan-bp-award-augmentir-2022-report.png' alt='Best-Practice-Bericht von Frost Sullivan' title='' height=\"811\" width=\"1200\"  itemprop=\"thumbnailUrl\"  \/><\/div><\/div><\/div><br \/>\n<div  style='height:30px' class='hr hr-invisible  av-small-hide av-mini-hide  avia-builder-el-6  el_after_av_image  el_before_av_textblock'><span class='hr-inner' ><span class='hr-inner-style'><\/span><\/span><\/div><br \/>\n<section class=\"av_textblock_section  av-small-hide av-mini-hide\"  itemscope=\"itemscope\" itemtype=\"https:\/\/schema.org\/CreativeWork\" ><div class='avia_textblock'  style='font-size:16px; '  itemprop=\"text\" ><div class=\"page\" title=\"Seite 2\">\n<div class=\"section\">\n<div class=\"layoutArea\">\n<div class=\"column\">\n<p>Samantha Fisher, Research Analystin f\u00fcr Best Practices bei Frost &amp; Sullivan, bemerkte: \u201eAugmentir hat seine L\u00f6sung mit digitalen Tools ausgestattet, die darauf ausgelegt sind, die Leistung der Mitarbeiter an vorderster Front zu optimieren und erstklassige Ergebnisse zu liefern. Es zielt auf Kompetenzmanagement, digitale Workflows, Zusammenarbeit und Wissensaustausch sowie auf operative Intelligenzfunktionen ab, um Industrieunternehmen und Mitarbeitern End-to-End-Ergebnisse zu liefern.\u201c<\/p>\n<p>Augmentir konzentriert sich auf die Steigerung des Kundenwerts bei bestehenden Kunden und \u00fcberwacht den Markt st\u00e4ndig auf neue Trends und Anwendungsf\u00e4lle, um den Wert des Kundenstamms zu steigern. Es erstellt eine Roadmap, die die gr\u00f6\u00dfte Wirkung und die besten Ergebnisse, Autarkie und anhaltende Zufriedenheit liefert. Augmentir verbessert regelm\u00e4\u00dfig seine Produkte, um eine optimale Leistung zu gew\u00e4hrleisten, die es Unternehmen erm\u00f6glicht, die Produktivit\u00e4t von Frontline-Operationen zu maximieren. Das Unternehmen ist gut positioniert, um den Bereich der vernetzten Arbeitnehmer in seine n\u00e4chste Wachstumsphase zu f\u00fchren und dadurch seinen Marktanteil zu vergr\u00f6\u00dfern und seine F\u00fchrungsposition in den kommenden Jahren zu behaupten.<\/p>\n<p>\u201eAugmentir umfasst kundenorientierte Strategien, Praxisimplementierung, revolution\u00e4re Technologie und au\u00dfergew\u00f6hnliche Betriebsstrategien, um das Vertrauen und die Loyalit\u00e4t der Kunden zu gewinnen und mehr Marktanteile zu erobern. Es bietet Kunden einen immensen Wert, um seinen Ruf auf dem Markt zu festigen\u201c, sagte Sebastian Trolli, Senior Industry Analyst im Bereich Industrial Technologies bei Frost &amp; Sullivan. Mit seiner starken Gesamtleistung erh\u00e4lt Augmentir den 2022 Global Customer Value Leadership Award von Frost &amp; Sullivan in der Branche f\u00fcr L\u00f6sungen f\u00fcr vernetzte Mitarbeiter.<\/p>\n<div class=\"page\" title=\"Seite 3\">\n<div class=\"section\">\n<div class=\"layoutArea\">\n<div class=\"column\"><\/div>\n<\/div>\n<\/div>\n<\/div>\n<\/div>\n<\/div>\n<\/div>\n<\/div>\n<\/div><\/section><\/p><\/div><div class=\"flex_column av_one_half  av-break-at-tablet flex_column_div   avia-builder-el-8  el_after_av_one_half  avia-builder-el-last  form-container-column\" style='padding:0px 0px 0px 30px ; border-radius:0px; '><p><section class=\"av_textblock_section\"  itemscope=\"itemscope\" itemtype=\"https:\/\/schema.org\/CreativeWork\" ><div class='avia_textblock eyebrow-headline av_inherit_color'  style='color:#ffffff; '  itemprop=\"text\" ><p>Lesen Sie den vollst\u00e4ndigen Bericht<\/p>\n<\/div><\/section><br \/>\n<div  style='padding-bottom:0px; margin-top:0px; color:#ffffff;font-size:32px;' class='av-special-heading av-special-heading-h2 custom-color-heading blockquote modern-quote  avia-builder-el-10  el_after_av_textblock  el_before_av_codeblock  av-inherit-size'><h2 class='av-special-heading-tag'  itemprop=\"headline\"  >Augmentir Customer Value Leader \u2013 Global Connected Worker-L\u00f6sungen<\/h2><div class='special-heading-border'><div class='special-heading-inner-border' style='border-color:#ffffff'><\/div><\/div><\/div><br \/>\n<\/p><\/div><\/div><\/div><\/main><!-- close content main element --><\/div><\/div><div id='after_section_1'  class='main_color av_default_container_wrap container_wrap sidebar_right' style=' '  ><div class='container' ><div class='template-page content  av-content-small alpha units'><div class='post-entry post-entry-type-page post-entry-13218'><div class='entry-content-wrapper clearfix'>","protected":false},"excerpt":{"rendered":"","protected":false},"author":1,"featured_media":13049,"parent":0,"menu_order":0,"comment_status":"closed","ping_status":"closed","template":"","meta":{"inline_featured_image":false,"_lmt_disableupdate":"no","_lmt_disable":"","footnotes":""},"class_list":["post-13218","page","type-page","status-publish","has-post-thumbnail","hentry"],"yoast_head":"<!-- This site is optimized with the Yoast SEO plugin v27.2 - https:\/\/yoast.com\/product\/yoast-seo-wordpress\/ -->\n<title>Frost &amp; Sullivan 2022 Customer Value Award - Augmentir<\/title>\n<meta name=\"description\" content=\"A new generation of smart connected worker tools are allowing companies to deliver effective skills management, training, collaboration, and on the job support for today\u2019s more dynamic, more flexible workforce.\" \/>\n<meta name=\"robots\" content=\"index, follow, max-snippet:-1, max-image-preview:large, max-video-preview:-1\" \/>\n<link rel=\"canonical\" href=\"https:\/\/www.augmentir.com\/de\/frost-sullivan-2022-customer-value-award\" \/>\n<meta property=\"og:locale\" content=\"de_DE\" \/>\n<meta property=\"og:type\" content=\"article\" \/>\n<meta property=\"og:title\" content=\"Frost &amp; Sullivan 2022 Customer Value Award - Augmentir\" \/>\n<meta property=\"og:description\" content=\"A new generation of smart connected worker tools are allowing companies to deliver effective skills management, training, collaboration, and on the job support for today\u2019s more dynamic, more flexible workforce.\" \/>\n<meta property=\"og:url\" content=\"https:\/\/www.augmentir.com\/de\/frost-sullivan-2022-customer-value-award\" \/>\n<meta property=\"og:site_name\" content=\"Augmentir\" \/>\n<meta property=\"article:modified_time\" content=\"2022-12-14T12:38:27+00:00\" \/>\n<meta property=\"og:image\" content=\"https:\/\/www.augmentir.com\/wp-content\/uploads\/2022\/08\/manufacturing-labor-gap-and-future-of-work.png\" \/>\n\t<meta property=\"og:image:width\" content=\"1200\" \/>\n\t<meta property=\"og:image:height\" content=\"630\" \/>\n\t<meta property=\"og:image:type\" content=\"image\/png\" \/>\n<meta name=\"twitter:card\" content=\"summary_large_image\" \/>\n<meta name=\"twitter:site\" content=\"@augmentir\" \/>\n<script type=\"application\/ld+json\" class=\"yoast-schema-graph\">{\"@context\":\"https:\/\/schema.org\",\"@graph\":[{\"@type\":\"WebPage\",\"@id\":\"https:\/\/www.augmentir.com\/frost-sullivan-2022-customer-value-award\",\"url\":\"https:\/\/www.augmentir.com\/frost-sullivan-2022-customer-value-award\",\"name\":\"Frost & Sullivan 2022 Customer Value Award - Augmentir\",\"isPartOf\":{\"@id\":\"https:\/\/www.augmentir.com\/#website\"},\"primaryImageOfPage\":{\"@id\":\"https:\/\/www.augmentir.com\/frost-sullivan-2022-customer-value-award#primaryimage\"},\"image\":{\"@id\":\"https:\/\/www.augmentir.com\/frost-sullivan-2022-customer-value-award#primaryimage\"},\"thumbnailUrl\":\"https:\/\/www.augmentir.com\/wp-content\/uploads\/2022\/08\/manufacturing-labor-gap-and-future-of-work.png\",\"datePublished\":\"2022-11-29T04:41:49+00:00\",\"dateModified\":\"2022-12-14T12:38:27+00:00\",\"description\":\"A new generation of smart connected worker tools are allowing companies to deliver effective skills management, training, collaboration, and on the job support for today\u2019s more dynamic, more flexible workforce.\",\"breadcrumb\":{\"@id\":\"https:\/\/www.augmentir.com\/frost-sullivan-2022-customer-value-award#breadcrumb\"},\"inLanguage\":\"de-DE\",\"potentialAction\":[{\"@type\":\"ReadAction\",\"target\":[\"https:\/\/www.augmentir.com\/frost-sullivan-2022-customer-value-award\"]}]},{\"@type\":\"ImageObject\",\"inLanguage\":\"de-DE\",\"@id\":\"https:\/\/www.augmentir.com\/frost-sullivan-2022-customer-value-award#primaryimage\",\"url\":\"https:\/\/www.augmentir.com\/wp-content\/uploads\/2022\/08\/manufacturing-labor-gap-and-future-of-work.png\",\"contentUrl\":\"https:\/\/www.augmentir.com\/wp-content\/uploads\/2022\/08\/manufacturing-labor-gap-and-future-of-work.png\",\"width\":1200,\"height\":630,\"caption\":\"manufacturing labor gap and the future of work\"},{\"@type\":\"BreadcrumbList\",\"@id\":\"https:\/\/www.augmentir.com\/frost-sullivan-2022-customer-value-award#breadcrumb\",\"itemListElement\":[{\"@type\":\"ListItem\",\"position\":1,\"name\":\"Home\",\"item\":\"https:\/\/www.augmentir.com\/\"},{\"@type\":\"ListItem\",\"position\":2,\"name\":\"Frost &#038; Sullivan 2022 Customer Value Award\"}]},{\"@type\":\"WebSite\",\"@id\":\"https:\/\/www.augmentir.com\/#website\",\"url\":\"https:\/\/www.augmentir.com\/\",\"name\":\"Augmentir\",\"description\":\"AI-Powered Connected Worker Platform\",\"publisher\":{\"@id\":\"https:\/\/www.augmentir.com\/#organization\"},\"potentialAction\":[{\"@type\":\"SearchAction\",\"target\":{\"@type\":\"EntryPoint\",\"urlTemplate\":\"https:\/\/www.augmentir.com\/?s={search_term_string}\"},\"query-input\":{\"@type\":\"PropertyValueSpecification\",\"valueRequired\":true,\"valueName\":\"search_term_string\"}}],\"inLanguage\":\"de-DE\"},{\"@type\":\"Organization\",\"@id\":\"https:\/\/www.augmentir.com\/#organization\",\"name\":\"Augmentir, Inc.\",\"url\":\"https:\/\/www.augmentir.com\/\",\"logo\":{\"@type\":\"ImageObject\",\"inLanguage\":\"de-DE\",\"@id\":\"https:\/\/www.augmentir.com\/#\/schema\/logo\/image\/\",\"url\":\"https:\/\/www.augmentir.com\/wp-content\/uploads\/2021\/10\/Augmentir_Logo.svg\",\"contentUrl\":\"https:\/\/www.augmentir.com\/wp-content\/uploads\/2021\/10\/Augmentir_Logo.svg\",\"width\":\"1200\",\"height\":\"1200\",\"caption\":\"Augmentir, Inc.\"},\"image\":{\"@id\":\"https:\/\/www.augmentir.com\/#\/schema\/logo\/image\/\"},\"sameAs\":[\"https:\/\/x.com\/augmentir\",\"https:\/\/www.linkedin.com\/company\/augmentir\"]}]}<\/script>\n<!-- \/ Yoast SEO plugin. -->","yoast_head_json":{"title":"Frost & Sullivan 2022 Customer Value Award - Augmentir","description":"A new generation of smart connected worker tools are allowing companies to deliver effective skills management, training, collaboration, and on the job support for today\u2019s more dynamic, more flexible workforce.","robots":{"index":"index","follow":"follow","max-snippet":"max-snippet:-1","max-image-preview":"max-image-preview:large","max-video-preview":"max-video-preview:-1"},"canonical":"https:\/\/www.augmentir.com\/de\/frost-sullivan-2022-customer-value-award","og_locale":"de_DE","og_type":"article","og_title":"Frost & Sullivan 2022 Customer Value Award - Augmentir","og_description":"A new generation of smart connected worker tools are allowing companies to deliver effective skills management, training, collaboration, and on the job support for today\u2019s more dynamic, more flexible workforce.","og_url":"https:\/\/www.augmentir.com\/de\/frost-sullivan-2022-customer-value-award","og_site_name":"Augmentir","article_modified_time":"2022-12-14T12:38:27+00:00","og_image":[{"width":1200,"height":630,"url":"https:\/\/www.augmentir.com\/wp-content\/uploads\/2022\/08\/manufacturing-labor-gap-and-future-of-work.png","type":"image\/png"}],"twitter_card":"summary_large_image","twitter_site":"@augmentir","schema":{"@context":"https:\/\/schema.org","@graph":[{"@type":"WebPage","@id":"https:\/\/www.augmentir.com\/frost-sullivan-2022-customer-value-award","url":"https:\/\/www.augmentir.com\/frost-sullivan-2022-customer-value-award","name":"Frost & Sullivan 2022 Customer Value Award - Augmentir","isPartOf":{"@id":"https:\/\/www.augmentir.com\/#website"},"primaryImageOfPage":{"@id":"https:\/\/www.augmentir.com\/frost-sullivan-2022-customer-value-award#primaryimage"},"image":{"@id":"https:\/\/www.augmentir.com\/frost-sullivan-2022-customer-value-award#primaryimage"},"thumbnailUrl":"https:\/\/www.augmentir.com\/wp-content\/uploads\/2022\/08\/manufacturing-labor-gap-and-future-of-work.png","datePublished":"2022-11-29T04:41:49+00:00","dateModified":"2022-12-14T12:38:27+00:00","description":"A new generation of smart connected worker tools are allowing companies to deliver effective skills management, training, collaboration, and on the job support for today\u2019s more dynamic, more flexible workforce.","breadcrumb":{"@id":"https:\/\/www.augmentir.com\/frost-sullivan-2022-customer-value-award#breadcrumb"},"inLanguage":"de-DE","potentialAction":[{"@type":"ReadAction","target":["https:\/\/www.augmentir.com\/frost-sullivan-2022-customer-value-award"]}]},{"@type":"ImageObject","inLanguage":"de-DE","@id":"https:\/\/www.augmentir.com\/frost-sullivan-2022-customer-value-award#primaryimage","url":"https:\/\/www.augmentir.com\/wp-content\/uploads\/2022\/08\/manufacturing-labor-gap-and-future-of-work.png","contentUrl":"https:\/\/www.augmentir.com\/wp-content\/uploads\/2022\/08\/manufacturing-labor-gap-and-future-of-work.png","width":1200,"height":630,"caption":"manufacturing labor gap and the future of work"},{"@type":"BreadcrumbList","@id":"https:\/\/www.augmentir.com\/frost-sullivan-2022-customer-value-award#breadcrumb","itemListElement":[{"@type":"ListItem","position":1,"name":"Home","item":"https:\/\/www.augmentir.com\/"},{"@type":"ListItem","position":2,"name":"Frost &#038; Sullivan 2022 Customer Value Award"}]},{"@type":"WebSite","@id":"https:\/\/www.augmentir.com\/#website","url":"https:\/\/www.augmentir.com\/","name":"Augmentir","description":"AI-Powered Connected Worker Platform","publisher":{"@id":"https:\/\/www.augmentir.com\/#organization"},"potentialAction":[{"@type":"SearchAction","target":{"@type":"EntryPoint","urlTemplate":"https:\/\/www.augmentir.com\/?s={search_term_string}"},"query-input":{"@type":"PropertyValueSpecification","valueRequired":true,"valueName":"search_term_string"}}],"inLanguage":"de-DE"},{"@type":"Organization","@id":"https:\/\/www.augmentir.com\/#organization","name":"Augmentir, Inc.","url":"https:\/\/www.augmentir.com\/","logo":{"@type":"ImageObject","inLanguage":"de-DE","@id":"https:\/\/www.augmentir.com\/#\/schema\/logo\/image\/","url":"https:\/\/www.augmentir.com\/wp-content\/uploads\/2021\/10\/Augmentir_Logo.svg","contentUrl":"https:\/\/www.augmentir.com\/wp-content\/uploads\/2021\/10\/Augmentir_Logo.svg","width":"1200","height":"1200","caption":"Augmentir, Inc."},"image":{"@id":"https:\/\/www.augmentir.com\/#\/schema\/logo\/image\/"},"sameAs":["https:\/\/x.com\/augmentir","https:\/\/www.linkedin.com\/company\/augmentir"]}]}},"_links":{"self":[{"href":"https:\/\/www.augmentir.com\/de\/wp-json\/wp\/v2\/pages\/13218","targetHints":{"allow":["GET"]}}],"collection":[{"href":"https:\/\/www.augmentir.com\/de\/wp-json\/wp\/v2\/pages"}],"about":[{"href":"https:\/\/www.augmentir.com\/de\/wp-json\/wp\/v2\/types\/page"}],"author":[{"embeddable":true,"href":"https:\/\/www.augmentir.com\/de\/wp-json\/wp\/v2\/users\/1"}],"replies":[{"embeddable":true,"href":"https:\/\/www.augmentir.com\/de\/wp-json\/wp\/v2\/comments?post=13218"}],"version-history":[{"count":0,"href":"https:\/\/www.augmentir.com\/de\/wp-json\/wp\/v2\/pages\/13218\/revisions"}],"wp:featuredmedia":[{"embeddable":true,"href":"https:\/\/www.augmentir.com\/de\/wp-json\/wp\/v2\/media\/13049"}],"wp:attachment":[{"href":"https:\/\/www.augmentir.com\/de\/wp-json\/wp\/v2\/media?parent=13218"}],"curies":[{"name":"wp","href":"https:\/\/api.w.org\/{rel}","templated":true}]}}