{"id":13164,"date":"2022-10-11T02:51:09","date_gmt":"2022-10-11T02:51:09","guid":{"rendered":"https:\/\/www.augmentir.com\/?page_id=13164"},"modified":"2024-11-23T12:12:20","modified_gmt":"2024-11-23T12:12:20","slug":"six-big-losses","status":"publish","type":"page","link":"https:\/\/www.augmentir.com\/de\/lean-manufacturing\/six-big-losses","title":{"rendered":"Sechs gro\u00dfe Verluste in der schlanken Fertigung"},"content":{"rendered":"<div id='av_section_1'  class='avia-section main_color avia-section-small avia-no-border-styling avia-bg-style-scroll  avia-builder-el-0  el_before_av_section  avia-builder-el-first  glossary-container  container_wrap sidebar_right' style=' margin-top:10px; margin-bottom:0px; '  ><div class='container' ><main  role=\"main\" itemprop=\"mainContentOfPage\"  class='template-page content  av-content-small alpha units'><div class='post-entry post-entry-type-page post-entry-13164'><div class='entry-content-wrapper clearfix'>\n<div class=\"flex_column av_one_full  flex_column_div av-zero-column-padding first  avia-builder-el-1  avia-builder-el-no-sibling\" style='border-radius:0px; '><p><div  style='padding-bottom:10px; margin-top:16px; font-size:44px;' class='av-special-heading av-special-heading-h1  blockquote modern-quote  avia-builder-el-2  el_before_av_textblock  avia-builder-el-first  av-inherit-size'><h1 class='av-special-heading-tag'  itemprop=\"headline\"  >Sechs gro\u00dfe Verluste in der schlanken Fertigung<\/h1><div class='special-heading-border'><div class='special-heading-inner-border' ><\/div><\/div><\/div><br \/>\n<section class=\"av_textblock_section\"  itemscope=\"itemscope\" itemtype=\"https:\/\/schema.org\/CreativeWork\" ><div class='avia_textblock'   itemprop=\"text\" ><p>Die Ger\u00e4tewartung hat in jeder Produktionsst\u00e4tte Priorit\u00e4t. Maschinenbediener, Techniker und andere Mitarbeiter m\u00fcssen sicherstellen, dass alles effizient l\u00e4uft, um Produkte rechtzeitig zu produzieren.<\/p>\n<p>Dies ist jedoch aufgrund unerwarteter Ereignisse wie Ger\u00e4teausf\u00e4llen m\u00f6glicherweise nicht immer m\u00f6glich. Das ist, wo das Verst\u00e4ndnis <strong>sechs gro\u00dfe Verluste<\/strong> erweist sich als hilfreich.<\/p>\n<p>Die sechs gro\u00dfen Verluste wurden entwickelt, um die Arten von ausr\u00fcstungsbezogenen Problemen zu kategorisieren, die die Fertigung verlangsamen k\u00f6nnen, und helfen Herstellern dabei, Bereiche zur Verbesserung von Produktionsprozessen und Produktivit\u00e4t in der Fabrik zu identifizieren.<\/p>\n<p>Diese Philosophie wurzelt in <a href=\"https:\/\/www.augmentir.com\/glossary\/what-is-total-productive-maintenance\">Totale produktive Instandhaltung (TPM)<\/a>, dessen Ziel darin besteht, die Anlageneffizienz durch die Einbeziehung aller Mitarbeiter zu maximieren, vom Flie\u00dfbandarbeiter bis zum Management. 1971 entwickelte der japanische Unternehmer Seiichi Nakajima sowohl TPM als auch die sechs gro\u00dfen Verluste als Rahmenwerk zur Abfallreduzierung und zur Steigerung des Kundenwerts. Diese Kernziele geh\u00f6ren noch heute zu den Leitprinzipien der schlanken Fertigung.<\/p>\n<p>Wenn Sie wissen m\u00f6chten, was die sechs gro\u00dfen Verluste sind und wie Sie sie beseitigen k\u00f6nnen, lesen Sie weiter, w\u00e4hrend wir dar\u00fcber sprechen:<\/p>\n<ul>\n<li><a href=\"#what-are-the-six-big-losses\">Was sind die sechs gro\u00dfen Verluste?<\/a><\/li>\n<li><a href=\"#how-to-reduce-losses-in-production-processes\">Wie lassen sich Verluste in Produktionsprozessen reduzieren?<\/a><\/li>\n<li><a href=\"#reducing-the-six-big-losses-with-augmentir-connected-worker-solution\">Verringerung der sechs gro\u00dfen Verluste mit Augmentirs Connected Worker-L\u00f6sung<\/a><\/li>\n<\/ul>\n<\/div><\/section><\/p><\/div>\n\n<\/div><\/div><\/main><!-- close content main element --><\/div><\/div><div id='what-are-the-six-big-losses'  class='avia-section main_color avia-section-no-padding avia-no-border-styling avia-bg-style-scroll  avia-builder-el-4  el_after_av_section  el_before_av_section  glossary-container  container_wrap sidebar_right' style=' '  ><div class='container' ><div class='template-page content  av-content-small alpha units'><div class='post-entry post-entry-type-page post-entry-13164'><div class='entry-content-wrapper clearfix'>\n<div class=\"flex_column av_one_full  flex_column_div av-zero-column-padding first  avia-builder-el-5  avia-builder-el-no-sibling\" style='border-radius:0px; '><p><div  style='padding-bottom:10px; font-size:32px;' class='av-special-heading av-special-heading-h2  blockquote modern-quote  avia-builder-el-6  el_before_av_textblock  avia-builder-el-first  av-inherit-size'><h2 class='av-special-heading-tag'  itemprop=\"headline\"  >Was sind die sechs gro\u00dfen Verluste?<\/h2><div class='special-heading-border'><div class='special-heading-inner-border' ><\/div><\/div><\/div><br \/>\n<section class=\"av_textblock_section\"  itemscope=\"itemscope\" itemtype=\"https:\/\/schema.org\/CreativeWork\" ><div class='avia_textblock'   itemprop=\"text\" ><p>Wie bereits erw\u00e4hnt, wurden die sechs gro\u00dfen Verluste definiert, um Herstellern dabei zu helfen, Ger\u00e4teausf\u00e4lle und -verz\u00f6gerungen zu identifizieren und zu kategorisieren. Mithilfe dieser Erkenntnisse k\u00f6nnen sie Produktionsprozesse und die Produktivit\u00e4t der Mitarbeiter verbessern.<\/p>\n<\/div><\/section><br \/>\n<div  class='avia-image-container  av-styling-    avia-builder-el-8  el_after_av_textblock  el_before_av_textblock  avia-align-center'  itemprop=\"image\" itemscope=\"itemscope\" itemtype=\"https:\/\/schema.org\/ImageObject\"  ><div class='avia-image-container-inner'><div class='avia-image-overlay-wrap'><img class='avia_image' src='https:\/\/www.augmentir.com\/wp-content\/uploads\/2022\/10\/six-big-losses.png' alt='sechs gro\u00dfe Verluste' title='' height=\"683\" width=\"1648\"  itemprop=\"thumbnailUrl\"  \/><\/div><\/div><\/div><br \/>\n<section class=\"av_textblock_section\"  itemscope=\"itemscope\" itemtype=\"https:\/\/schema.org\/CreativeWork\" ><div class='avia_textblock'   itemprop=\"text\" ><p>Die sechs Verluste sind:<\/p>\n<ul>\n<li>Geplante Stopps<\/li>\n<li>Ungeplante Stopps<\/li>\n<li>Kleine Stopps<\/li>\n<li>Langsame Zyklen<\/li>\n<li>Produktionsausschuss<\/li>\n<li>Startup lehnt ab<\/li>\n<\/ul>\n<p>Die Verluste werden zur Messung der Gesamtanlageneffektivit\u00e4t (OEE) in drei Kategorien eingeteilt: Verf\u00fcgbarkeitsverlust, Leistungsverlust und Qualit\u00e4tsverlust. Die Ma\u00dfnahmen, die Sie ergreifen, um jeden Typ anzugehen, k\u00f6nnen Ihnen dabei helfen, die Verringerung der Produktverf\u00fcgbarkeit, -leistung und -qualit\u00e4t zu minimieren.<\/p>\n<p>Die folgende Tabelle erkl\u00e4rt die sechs gro\u00dfen Verluste in der Lean Manufacturing und identifiziert, in welche OEE-Kategorie (Art des Verlusts) jeder f\u00e4llt:<\/p>\n<\/div><\/section><br \/>\n<div class='avia-data-table-wrap avia_responsive_table'><table class='avia-table avia-data-table avia-table-1  avia-builder-el-10  el_after_av_textblock  avia-builder-el-last  avia_pricing_default'  itemscope=\"itemscope\" itemtype=\"https:\/\/schema.org\/Table\" ><tbody><tr class='avia-heading-row'><th class=''>Gro\u00dfer Verlust<\/th><th class=''>OEE-Kategorie<\/th><th class=''>Beschreibung<\/th><\/tr><tr class=''><td class=''>Ungeplante Stopps<\/td><td class=''>Verf\u00fcgbarkeitsverlust<\/td><td class=''>Wie der Name schon sagt, treten ungeplante Stopps auf, wenn Ger\u00e4te f\u00fcr die Produktion geplant sind, aber aufgrund eines ungeplanten Ereignisses nicht funktionieren (z. B. Ger\u00e4teausfall, ein defektes Teil, nicht gen\u00fcgend Bediener oder au\u00dferplanm\u00e4\u00dfige Wartung).<\/td><\/tr><tr class=''><td class=''>Geplante Stopps<\/td><td class=''>Verf\u00fcgbarkeitsverlust<\/td><td class=''>Geplante Stopps treten auf, wenn die f\u00fcr die Produktion geplante Ausr\u00fcstung aufgrund eines geplanten Ereignisses nicht l\u00e4uft. Beispiele hierf\u00fcr sind Umstellungen, geplante Reinigungen, geplante Wartungen und Inspektionen. Denken Sie daran, dass einige Unternehmen Pausen und Meetings als geplante Stopps klassifizieren.<\/td><\/tr><tr class=''><td class=''>Kleine Stopps<\/td><td class=''>Leistungsverlust<\/td><td class=''>Diese Stopps treten auf, wenn das Ger\u00e4t f\u00fcr kurze Zeit (normalerweise ein oder zwei Minuten) stoppt, aber vom Bediener schnell behoben wird. Kleine Unterbrechungen treten h\u00e4ufig auf und k\u00f6nnen das Ergebnis von Papierstaus, Ger\u00e4teproblemen, Materialstaus oder blockierten Sensoren sein.<\/td><\/tr><tr class=''><td class=''>Langsame Zyklen<\/td><td class=''>Leistungsverlust<\/td><td class=''>Langsame Zyklen sind das Ergebnis von Ger\u00e4ten, die langsamer laufen als ihre ideale Zykluszeit, die die durchschnittliche Zeit ist, die zum Abschluss eines Prozesses ben\u00f6tigt wird. Schlechte Schmierung, verschmutzte oder alte Ausr\u00fcstung und Unerfahrenheit des Bedieners sind beispielsweise alles Faktoren, die zu langsamen Zyklen f\u00fchren k\u00f6nnen.<\/td><\/tr><tr class=''><td class=''>Produktionsausschuss<\/td><td class=''>Qualit\u00e4tsverlust<\/td><td class=''>Das sind alle fehlerhaften Teile, die w\u00e4hrend der Produktion entstehen. Produktionsausf\u00e4lle k\u00f6nnen aufgrund von Bedienungsfehlern oder Handhabungsfehlern der Ausr\u00fcstung oder falscher Maschineneinstellungen auftreten.<\/td><\/tr><tr class=''><td class=''>Startup lehnt ab<\/td><td class=''>Qualit\u00e4tsverlust<\/td><td class=''>Anlaufausschuss sind fehlerhafte Teile, die w\u00e4hrend der Produktion anfallen. Sie treten normalerweise w\u00e4hrend des Produktionsstarts oder nach Umstellungen auf, also der Zeit, die ben\u00f6tigt wird, um eine Produktionslinie oder Maschine f\u00fcr die Arbeit an einem neuen Produkt vorzubereiten. Die zur\u00fcckgewiesenen Artikel werden oft verschrottet oder zu neuen Teilen umgearbeitet.<\/td><\/tr><\/tbody><\/table><\/div><style type='text\/css'>.avia-table-1 td:nth-of-type(1):before { content: 'Big Loss'; } .avia-table-1 td:nth-of-type(2):before { content: 'OEE Category'; } .avia-table-1 td:nth-of-type(3):before { content: 'Description'; } <\/style><\/p><\/div>\n\n<\/div><\/div><\/div><!-- close content main div --><\/div><\/div><div id='how-to-reduce-losses-in-production-processes'  class='avia-section main_color avia-section-no-padding avia-no-border-styling avia-bg-style-scroll  avia-builder-el-11  el_after_av_section  el_before_av_section  glossary-container  container_wrap sidebar_right' style=' '  ><div class='container' ><div class='template-page content  av-content-small alpha units'><div class='post-entry post-entry-type-page post-entry-13164'><div class='entry-content-wrapper clearfix'>\n<div class=\"flex_column av_one_full  flex_column_div av-zero-column-padding first  avia-builder-el-12  avia-builder-el-no-sibling\" style='border-radius:0px; '><p><div  style='padding-bottom:10px; font-size:32px;' class='av-special-heading av-special-heading-h2  blockquote modern-quote  avia-builder-el-13  el_before_av_textblock  avia-builder-el-first  av-inherit-size'><h2 class='av-special-heading-tag'  itemprop=\"headline\"  >Wie lassen sich Verluste in Produktionsprozessen reduzieren?<\/h2><div class='special-heading-border'><div class='special-heading-inner-border' ><\/div><\/div><\/div><br \/>\n<section class=\"av_textblock_section\"  itemscope=\"itemscope\" itemtype=\"https:\/\/schema.org\/CreativeWork\" ><div class='avia_textblock'   itemprop=\"text\" ><p>Produktionsausf\u00e4lle in Kauf nehmen zu m\u00fcssen, kann m\u00fchsam sein. Gl\u00fccklicherweise gibt es Schritte, die Sie unternehmen k\u00f6nnen, um sie zu mindern, die wir unten aufgelistet haben.<\/p>\n<h3>Versuchen Sie, ungeplante und geplante Stopps zu minimieren.<\/h3>\n<p>Ermutigen Sie Bediener und anderes Wartungspersonal, Reinigungs-, Inspektions- und Schmieraufgaben durchzuf\u00fchren, wenn die Produktionsprozesse nicht im Gange sind. Dadurch werden die Ausfallzeiten der Ger\u00e4te reduziert. Dies ist m\u00f6glicherweise nicht immer m\u00f6glich, aber es lohnt sich, es als Best Practice f\u00fcr das Management umzusetzen.<\/p>\n<h3>F\u00fchren Sie eine Connected-Worker-L\u00f6sung ein.<\/h3>\n<p>Die sechs gro\u00dfen Verluste k\u00f6nnen schwer nachzuverfolgen sein, wenn Sie papierbasierte Berichte verwenden. Gl\u00fccklicherweise kann eine Connected-Worker-L\u00f6sung, die ein Cloud-basiertes Betriebssystem ist, Ihre Fertigungsprozesse digitalisieren und optimieren.<\/p>\n<p>Connected Worker-Software sammelt Daten von angeschlossenen Sensoren sowie Maschinenbedienern und Technikern, um einen \u00dcberblick dar\u00fcber zu geben, wie gut Ihre Werkzeuge, Ger\u00e4te und andere Anlagen funktionieren. Diese Funktion dient dazu, Ger\u00e4tedefekte und deren Position zu identifizieren.<\/p>\n<p>Besser noch, diese Software erleichtert das Zuweisen und Verfolgen von Aufgaben und benachrichtigt die Mitarbeiter, wenn M\u00e4ngel festgestellt werden.<\/p>\n<h3>Implementieren Sie digitale Arbeitsanweisungen, um Fehler zu reduzieren.<\/h3>\n<p>Es kommt nur allzu h\u00e4ufig vor, dass beim Einschalten einer komplexen Maschine oder eines komplexen Prozesses ein Schritt ausgelassen wird. Im Laufe der Zeit k\u00f6nnen diese Fehler die Produktqualit\u00e4t beeintr\u00e4chtigen und Unternehmen sowohl Zeit als auch Geld kosten.<\/p>\n<p>Das ist wo <a href=\"\/glossary\/what-are-digital-work-instructions\">digitale Arbeitsanweisungen<\/a> ins Spiel kommen, um Fehler zu minimieren. Eine Connected-Worker-L\u00f6sung, die Tools zur Erstellung digitaler Arbeitsanweisungen enth\u00e4lt, tr\u00e4gt dazu bei, dass die Mitarbeiter allt\u00e4gliche Aufgaben sicher und korrekt erledigen.<\/p>\n<p>Beispielsweise informieren interaktive digitale Schritt-f\u00fcr-Schritt-Checklisten die Mitarbeiter, wie bestimmte Aufgaben zu erledigen sind. Diese Anweisungen k\u00f6nnen Bilder, Videos und andere Multimedia-Inhalte enthalten, um den Arbeitern zu zeigen, wie ein Verfahren korrekt durchgef\u00fchrt wird.<\/p>\n<\/div><\/section><\/p><\/div>\n\n<\/div><\/div><\/div><!-- close content main div --><\/div><\/div><div id='reducing-the-six-big-losses-with-augmentir-connected-worker-solution'  class='avia-section main_color avia-section-no-padding avia-no-border-styling avia-bg-style-scroll  avia-builder-el-15  el_after_av_section  el_before_av_section  glossary-container  container_wrap sidebar_right' style=' '  ><div class='container' ><div class='template-page content  av-content-small alpha units'><div class='post-entry post-entry-type-page post-entry-13164'><div class='entry-content-wrapper clearfix'>\n<div class=\"flex_column av_one_full  flex_column_div av-zero-column-padding first  avia-builder-el-16  avia-builder-el-no-sibling\" style='border-radius:0px; '><p><div  style='padding-bottom:10px; font-size:32px;' class='av-special-heading av-special-heading-h2  blockquote modern-quote  avia-builder-el-17  el_before_av_textblock  avia-builder-el-first  av-inherit-size'><h2 class='av-special-heading-tag'  itemprop=\"headline\"  >Verringerung der sechs gro\u00dfen Verluste mit Augmentirs Connected Worker-L\u00f6sung<\/h2><div class='special-heading-border'><div class='special-heading-inner-border' ><\/div><\/div><\/div><br \/>\n<section class=\"av_textblock_section\"  itemscope=\"itemscope\" itemtype=\"https:\/\/schema.org\/CreativeWork\" ><div class='avia_textblock'   itemprop=\"text\" ><p>Die sich st\u00e4ndig weiterentwickelnde Belegschaft von heute ben\u00f6tigt kontinuierliche Lern- und Leistungsunterst\u00fctzung, um eine effektive Leistung am Arbeitsplatz zu erbringen. Hier kommt unsere Connected-Worker-L\u00f6sung ins Spiel.<\/p>\n<p>Unsere Software wurde speziell f\u00fcr Ihr Unternehmen entwickelt. Wir bieten vollst\u00e4ndige digitale Workflow-Autorenwerkzeuge, die Ihre papierbasierten Prozesse digitalisieren und daran arbeiten, die sechs gro\u00dfen Verluste in der schlanken Fertigung zu reduzieren.<\/p>\n<\/div><\/section><br \/>\n<div  class='avia-image-container  av-styling-    avia-builder-el-19  el_after_av_textblock  avia-builder-el-last  glossary-inline-image avia-align-center'  itemprop=\"image\" itemscope=\"itemscope\" itemtype=\"https:\/\/schema.org\/ImageObject\"  ><div class='avia-image-container-inner'><div class='avia-image-overlay-wrap'><img class='avia_image' src='https:\/\/www.augmentir.com\/wp-content\/uploads\/2022\/06\/standardized-work-dashboard.png' alt='standardisiertes Arbeits-Dashboard' title='' height=\"2100\" width=\"3360\"  itemprop=\"thumbnailUrl\"  \/><\/div><\/div><\/div><\/p><\/div>\n\n<\/div><\/div><\/div><!-- close content main div --><\/div><\/div><div id='av_section_5'  class='avia-section main_color avia-section-no-padding avia-no-border-styling avia-bg-style-scroll  avia-builder-el-20  el_after_av_section  avia-builder-el-last  glossary-container  container_wrap sidebar_right' style=' margin-top:0px; margin-bottom:50px; '  ><div class='container' ><div class='template-page content  av-content-small alpha units'><div class='post-entry post-entry-type-page post-entry-13164'><div class='entry-content-wrapper clearfix'>\n<section class=\"av_textblock_section\"  itemscope=\"itemscope\" itemtype=\"https:\/\/schema.org\/CreativeWork\" ><div class='avia_textblock'   itemprop=\"text\" ><p><strong>M\u00f6chten Sie erfahren, wie die Augmentir-Suite von Connected-Worker-Tools Ihnen helfen kann, Verluste zu reduzieren und Lean in Ihrem Fertigungsbetrieb zu implementieren? Kontaktieren Sie uns f\u00fcr eine <a href=\"https:\/\/www.augmentir.com\/request-a-demo\">Kostenlose Demo<\/a>.<\/strong><\/p>\n<\/div><\/section>\n<\/div><\/div><\/div><!-- close content main div --><\/div><\/div><div id='after_section_5'  class='main_color av_default_container_wrap container_wrap sidebar_right' style=' '  ><div class='container' ><div class='template-page content  av-content-small alpha units'><div class='post-entry post-entry-type-page post-entry-13164'><div class='entry-content-wrapper clearfix'>","protected":false},"excerpt":{"rendered":"","protected":false},"author":1,"featured_media":0,"parent":12712,"menu_order":0,"comment_status":"closed","ping_status":"closed","template":"","meta":{"inline_featured_image":false,"_lmt_disableupdate":"no","_lmt_disable":"","footnotes":""},"class_list":["post-13164","page","type-page","status-publish","hentry"],"yoast_head":"<!-- This site is optimized with the Yoast SEO plugin v27.2 - https:\/\/yoast.com\/product\/yoast-seo-wordpress\/ -->\n<title>Six Big Losses in Lean Manufacturing - Augmentir<\/title>\n<meta name=\"description\" content=\"Learn how the six big losses in lean manufacturing help workers identify areas for improving production processes and productivity on the factory floor.\" \/>\n<meta name=\"robots\" content=\"index, follow, max-snippet:-1, max-image-preview:large, max-video-preview:-1\" \/>\n<link rel=\"canonical\" href=\"https:\/\/www.augmentir.com\/de\/lean-manufacturing\/six-big-losses\" \/>\n<meta property=\"og:locale\" content=\"de_DE\" \/>\n<meta property=\"og:type\" content=\"article\" \/>\n<meta property=\"og:title\" content=\"Six Big Losses in Lean Manufacturing - Augmentir\" \/>\n<meta property=\"og:description\" content=\"Learn how the six big losses in lean manufacturing help workers identify areas for improving production processes and productivity on the factory floor.\" \/>\n<meta property=\"og:url\" content=\"https:\/\/www.augmentir.com\/de\/lean-manufacturing\/six-big-losses\" \/>\n<meta property=\"og:site_name\" content=\"Augmentir\" \/>\n<meta property=\"article:modified_time\" content=\"2024-11-23T12:12:20+00:00\" \/>\n<meta name=\"twitter:card\" content=\"summary_large_image\" \/>\n<meta name=\"twitter:site\" content=\"@augmentir\" \/>\n<script type=\"application\/ld+json\" class=\"yoast-schema-graph\">{\"@context\":\"https:\/\/schema.org\",\"@graph\":[{\"@type\":\"WebPage\",\"@id\":\"https:\/\/www.augmentir.com\/lean-manufacturing\/six-big-losses\",\"url\":\"https:\/\/www.augmentir.com\/lean-manufacturing\/six-big-losses\",\"name\":\"Six Big Losses in Lean Manufacturing - Augmentir\",\"isPartOf\":{\"@id\":\"https:\/\/www.augmentir.com\/#website\"},\"datePublished\":\"2022-10-11T02:51:09+00:00\",\"dateModified\":\"2024-11-23T12:12:20+00:00\",\"description\":\"Learn how the six big losses in lean manufacturing help workers identify areas for improving production processes and productivity on the factory floor.\",\"breadcrumb\":{\"@id\":\"https:\/\/www.augmentir.com\/lean-manufacturing\/six-big-losses#breadcrumb\"},\"inLanguage\":\"de-DE\",\"potentialAction\":[{\"@type\":\"ReadAction\",\"target\":[\"https:\/\/www.augmentir.com\/lean-manufacturing\/six-big-losses\"]}]},{\"@type\":\"BreadcrumbList\",\"@id\":\"https:\/\/www.augmentir.com\/lean-manufacturing\/six-big-losses#breadcrumb\",\"itemListElement\":[{\"@type\":\"ListItem\",\"position\":1,\"name\":\"Home\",\"item\":\"https:\/\/www.augmentir.com\/\"},{\"@type\":\"ListItem\",\"position\":2,\"name\":\"Lean Manufacturing &#8211; The Essential Guide\",\"item\":\"https:\/\/www.augmentir.com\/lean-manufacturing\"},{\"@type\":\"ListItem\",\"position\":3,\"name\":\"Six Big Losses in Lean Manufacturing\"}]},{\"@type\":\"WebSite\",\"@id\":\"https:\/\/www.augmentir.com\/#website\",\"url\":\"https:\/\/www.augmentir.com\/\",\"name\":\"Augmentir\",\"description\":\"AI-Powered Connected Worker Platform\",\"publisher\":{\"@id\":\"https:\/\/www.augmentir.com\/#organization\"},\"potentialAction\":[{\"@type\":\"SearchAction\",\"target\":{\"@type\":\"EntryPoint\",\"urlTemplate\":\"https:\/\/www.augmentir.com\/?s={search_term_string}\"},\"query-input\":{\"@type\":\"PropertyValueSpecification\",\"valueRequired\":true,\"valueName\":\"search_term_string\"}}],\"inLanguage\":\"de-DE\"},{\"@type\":\"Organization\",\"@id\":\"https:\/\/www.augmentir.com\/#organization\",\"name\":\"Augmentir, Inc.\",\"url\":\"https:\/\/www.augmentir.com\/\",\"logo\":{\"@type\":\"ImageObject\",\"inLanguage\":\"de-DE\",\"@id\":\"https:\/\/www.augmentir.com\/#\/schema\/logo\/image\/\",\"url\":\"https:\/\/www.augmentir.com\/wp-content\/uploads\/2021\/10\/Augmentir_Logo.svg\",\"contentUrl\":\"https:\/\/www.augmentir.com\/wp-content\/uploads\/2021\/10\/Augmentir_Logo.svg\",\"width\":\"1200\",\"height\":\"1200\",\"caption\":\"Augmentir, Inc.\"},\"image\":{\"@id\":\"https:\/\/www.augmentir.com\/#\/schema\/logo\/image\/\"},\"sameAs\":[\"https:\/\/x.com\/augmentir\",\"https:\/\/www.linkedin.com\/company\/augmentir\"]}]}<\/script>\n<!-- \/ Yoast SEO plugin. -->","yoast_head_json":{"title":"Six Big Losses in Lean Manufacturing - Augmentir","description":"Learn how the six big losses in lean manufacturing help workers identify areas for improving production processes and productivity on the factory floor.","robots":{"index":"index","follow":"follow","max-snippet":"max-snippet:-1","max-image-preview":"max-image-preview:large","max-video-preview":"max-video-preview:-1"},"canonical":"https:\/\/www.augmentir.com\/de\/lean-manufacturing\/six-big-losses","og_locale":"de_DE","og_type":"article","og_title":"Six Big Losses in Lean Manufacturing - Augmentir","og_description":"Learn how the six big losses in lean manufacturing help workers identify areas for improving production processes and productivity on the factory floor.","og_url":"https:\/\/www.augmentir.com\/de\/lean-manufacturing\/six-big-losses","og_site_name":"Augmentir","article_modified_time":"2024-11-23T12:12:20+00:00","twitter_card":"summary_large_image","twitter_site":"@augmentir","schema":{"@context":"https:\/\/schema.org","@graph":[{"@type":"WebPage","@id":"https:\/\/www.augmentir.com\/lean-manufacturing\/six-big-losses","url":"https:\/\/www.augmentir.com\/lean-manufacturing\/six-big-losses","name":"Six Big Losses in Lean Manufacturing - Augmentir","isPartOf":{"@id":"https:\/\/www.augmentir.com\/#website"},"datePublished":"2022-10-11T02:51:09+00:00","dateModified":"2024-11-23T12:12:20+00:00","description":"Learn how the six big losses in lean manufacturing help workers identify areas for improving production processes and productivity on the factory floor.","breadcrumb":{"@id":"https:\/\/www.augmentir.com\/lean-manufacturing\/six-big-losses#breadcrumb"},"inLanguage":"de-DE","potentialAction":[{"@type":"ReadAction","target":["https:\/\/www.augmentir.com\/lean-manufacturing\/six-big-losses"]}]},{"@type":"BreadcrumbList","@id":"https:\/\/www.augmentir.com\/lean-manufacturing\/six-big-losses#breadcrumb","itemListElement":[{"@type":"ListItem","position":1,"name":"Home","item":"https:\/\/www.augmentir.com\/"},{"@type":"ListItem","position":2,"name":"Lean Manufacturing &#8211; The Essential Guide","item":"https:\/\/www.augmentir.com\/lean-manufacturing"},{"@type":"ListItem","position":3,"name":"Six Big Losses in Lean Manufacturing"}]},{"@type":"WebSite","@id":"https:\/\/www.augmentir.com\/#website","url":"https:\/\/www.augmentir.com\/","name":"Augmentir","description":"AI-Powered Connected Worker Platform","publisher":{"@id":"https:\/\/www.augmentir.com\/#organization"},"potentialAction":[{"@type":"SearchAction","target":{"@type":"EntryPoint","urlTemplate":"https:\/\/www.augmentir.com\/?s={search_term_string}"},"query-input":{"@type":"PropertyValueSpecification","valueRequired":true,"valueName":"search_term_string"}}],"inLanguage":"de-DE"},{"@type":"Organization","@id":"https:\/\/www.augmentir.com\/#organization","name":"Augmentir, Inc.","url":"https:\/\/www.augmentir.com\/","logo":{"@type":"ImageObject","inLanguage":"de-DE","@id":"https:\/\/www.augmentir.com\/#\/schema\/logo\/image\/","url":"https:\/\/www.augmentir.com\/wp-content\/uploads\/2021\/10\/Augmentir_Logo.svg","contentUrl":"https:\/\/www.augmentir.com\/wp-content\/uploads\/2021\/10\/Augmentir_Logo.svg","width":"1200","height":"1200","caption":"Augmentir, Inc."},"image":{"@id":"https:\/\/www.augmentir.com\/#\/schema\/logo\/image\/"},"sameAs":["https:\/\/x.com\/augmentir","https:\/\/www.linkedin.com\/company\/augmentir"]}]}},"_links":{"self":[{"href":"https:\/\/www.augmentir.com\/de\/wp-json\/wp\/v2\/pages\/13164","targetHints":{"allow":["GET"]}}],"collection":[{"href":"https:\/\/www.augmentir.com\/de\/wp-json\/wp\/v2\/pages"}],"about":[{"href":"https:\/\/www.augmentir.com\/de\/wp-json\/wp\/v2\/types\/page"}],"author":[{"embeddable":true,"href":"https:\/\/www.augmentir.com\/de\/wp-json\/wp\/v2\/users\/1"}],"replies":[{"embeddable":true,"href":"https:\/\/www.augmentir.com\/de\/wp-json\/wp\/v2\/comments?post=13164"}],"version-history":[{"count":0,"href":"https:\/\/www.augmentir.com\/de\/wp-json\/wp\/v2\/pages\/13164\/revisions"}],"up":[{"embeddable":true,"href":"https:\/\/www.augmentir.com\/de\/wp-json\/wp\/v2\/pages\/12712"}],"wp:attachment":[{"href":"https:\/\/www.augmentir.com\/de\/wp-json\/wp\/v2\/media?parent=13164"}],"curies":[{"name":"wp","href":"https:\/\/api.w.org\/{rel}","templated":true}]}}