{"id":13152,"date":"2022-09-29T14:21:12","date_gmt":"2022-09-29T14:21:12","guid":{"rendered":"https:\/\/www.augmentir.com\/?page_id=13152"},"modified":"2024-12-20T18:00:58","modified_gmt":"2024-12-20T18:00:58","slug":"operator-rounds","status":"publish","type":"page","link":"https:\/\/www.augmentir.com\/de\/glossary\/operator-rounds","title":{"rendered":"Werkerrundgang \u2013 Anlageninstandhaltung mit mobilen Werkerrundg\u00e4ngen digitalisieren"},"content":{"rendered":"<div id='av_section_1'  class='avia-section main_color avia-section-small avia-no-border-styling avia-bg-style-scroll  avia-builder-el-0  el_before_av_section  avia-builder-el-first  glossary-container  container_wrap sidebar_right' style=' margin-top:10px; margin-bottom:0px; '  ><div class='container' ><main  role=\"main\" itemprop=\"mainContentOfPage\"  class='template-page content  av-content-small alpha units'><div class='post-entry post-entry-type-page post-entry-13152'><div class='entry-content-wrapper clearfix'>\n<div class=\"flex_column av_one_full  flex_column_div av-zero-column-padding first  avia-builder-el-1  avia-builder-el-no-sibling\" style='border-radius:0px; '><p><div  style='padding-bottom:10px; margin-top:16px; font-size:44px;' class='av-special-heading av-special-heading-h1  blockquote modern-quote  avia-builder-el-2  el_before_av_textblock  avia-builder-el-first  av-inherit-size'><h1 class='av-special-heading-tag'  itemprop=\"headline\"  >Bedienerrunden im Instandhaltungsbetrieb<\/h1><div class='special-heading-border'><div class='special-heading-inner-border' ><\/div><\/div><\/div><br \/>\n<section class=\"av_textblock_section\"  itemscope=\"itemscope\" itemtype=\"https:\/\/schema.org\/CreativeWork\" ><div class='avia_textblock'   itemprop=\"text\" ><p>Die regelm\u00e4\u00dfige Inspektion von Arbeitsbereichen und Ausr\u00fcstung ist entscheidend f\u00fcr die Aufrechterhaltung eines sicheren und effizienten Produktionsbetriebs. Bedienerrunden bieten die perfekte L\u00f6sung f\u00fcr eine effektive Wartung.<\/p>\n<p>W\u00e4hrend der Rundg\u00e4nge inspizieren und \u00fcberwachen die Arbeiter den Zustand und die Leistung von Anlagen und Maschinen. Die Einzelheiten jeder Pr\u00fcfung werden in einem Schichtbuch festgehalten.<\/p>\n<p>Leider werden diese Schichtprotokolle nicht immer aktualisiert. Das Vers\u00e4umnis, die Teams \u00fcber Maschinenm\u00e4ngel zu informieren, kann zu Ger\u00e4teausf\u00e4llen im Laufe der Zeit f\u00fchren \u2013 und sogar Produktionsprozesse unterbrechen.<\/p>\n<p>Hier kommt die Digitalisierung Ihrer Kontrollg\u00e4nge ins Spiel. Digitale Arbeitsanweisungen liefern den Bedienern die Informationen, die sie ben\u00f6tigen, um Routineinspektionen erfolgreich durchzuf\u00fchren.<\/p>\n<p>Um mehr \u00fcber Bedienerrunden und deren Digitalisierung zu erfahren, lesen Sie weiter, w\u00e4hrend wir die folgenden Fragen beantworten:<\/p>\n<ul>\n<li><a href=\"#what-are-operator-rounds\">Was sind Bedienerrunden?<\/a><\/li>\n<li><a href=\"#what-are-mobile-operator-rounds\">Was sind Mobilfunkanbieterrunden?<\/a><\/li>\n<li><a href=\"#how-will-mobile-operator-rounds-transform-maintenance-operations\">Wie werden Mobilfunkrunden Produktionsprozesse ver\u00e4ndern?<\/a><\/li>\n<li><a href=\"#how-can-you-digitize-operator-rounds\">Wie k\u00f6nnen Sie Bedienerrunden digitalisieren?<\/a><\/li>\n<\/ul>\n<\/div><\/section><\/p><\/div>\n\n<\/div><\/div><\/main><!-- close content main element --><\/div><\/div><div id='what-are-operator-rounds'  class='avia-section main_color avia-section-no-padding avia-no-border-styling avia-bg-style-scroll  avia-builder-el-4  el_after_av_section  el_before_av_section  glossary-container  container_wrap sidebar_right' style=' '  ><div class='container' ><div class='template-page content  av-content-small alpha units'><div class='post-entry post-entry-type-page post-entry-13152'><div class='entry-content-wrapper clearfix'>\n<div class=\"flex_column av_one_full  flex_column_div av-zero-column-padding first  avia-builder-el-5  avia-builder-el-no-sibling\" style='border-radius:0px; '><p><div  style='padding-bottom:10px; font-size:32px;' class='av-special-heading av-special-heading-h2  blockquote modern-quote  avia-builder-el-6  el_before_av_textblock  avia-builder-el-first  av-inherit-size'><h2 class='av-special-heading-tag'  itemprop=\"headline\"  >Was sind Bedienerrunden?<\/h2><div class='special-heading-border'><div class='special-heading-inner-border' ><\/div><\/div><\/div><br \/>\n<section class=\"av_textblock_section\"  itemscope=\"itemscope\" itemtype=\"https:\/\/schema.org\/CreativeWork\" ><div class='avia_textblock'   itemprop=\"text\" ><p>Bedienerrundg\u00e4nge sind im Grunde routinem\u00e4\u00dfige Anlagen\u00fcberpr\u00fcfungen, um nach defekten Ger\u00e4ten, technischen Problemen und anderen Ausf\u00e4llen zu suchen. Aber anstatt dass ein Techniker diese Runde macht, k\u00f6nnen die Arbeiter, die sich mit bestimmten Ger\u00e4ten befassen, diese effizienter \u00fcberpr\u00fcfen.<\/p>\n<p>Bediener sind die erste Verteidigungslinie zum Schutz der Ausr\u00fcstung. Sie sind verantwortlich f\u00fcr die Inspektion von Anlagen, die Beobachtung der Maschinenfunktionalit\u00e4t und die Fehlersuche.<\/p>\n<p>Kurz gesagt, h\u00e4ufige Wartungsinspektionen k\u00f6nnen die Maschinenleistung verbessern und Ihren Gewinn steigern.<\/p>\n<p>Aber Bedienerrundg\u00e4nge sind nur ein Aspekt bei der Schaffung eines effektiven Fertigungsbetriebs. Ihre Digitalisierung ist der n\u00e4chste Schritt, der dazu beitragen kann, Genauigkeit zu gew\u00e4hrleisten und eine nahtlose Integration zwischen F\u00fchrung und Mitarbeitern aufzubauen.<\/p>\n<p>Das liegt daran, dass es schwierig sein kann, ein einheitliches System f\u00fcr die Aufzeichnung von Bedienerrunden zu erstellen, wenn Sie noch mit Bleistift und Papier arbeiten. Ihr Unternehmen ist m\u00f6glicherweise anf\u00e4llig f\u00fcr verpasste Wartungspr\u00fcfungen und menschliche Fehler, wenn Sie sich auf herk\u00f6mmliche Aufzeichnungsmethoden verlassen.<\/p>\n<\/div><\/section><\/p><\/div>\n\n<\/div><\/div><\/div><!-- close content main div --><\/div><\/div><div id='what-are-mobile-operator-rounds'  class='avia-section main_color avia-section-no-padding avia-no-border-styling avia-bg-style-scroll  avia-builder-el-8  el_after_av_section  el_before_av_section  glossary-container  container_wrap sidebar_right' style=' '  ><div class='container' ><div class='template-page content  av-content-small alpha units'><div class='post-entry post-entry-type-page post-entry-13152'><div class='entry-content-wrapper clearfix'>\n<div class=\"flex_column av_one_full  flex_column_div av-zero-column-padding first  avia-builder-el-9  avia-builder-el-no-sibling\" style='border-radius:0px; '><p><div  style='padding-bottom:10px; font-size:32px;' class='av-special-heading av-special-heading-h2  blockquote modern-quote  avia-builder-el-10  el_before_av_textblock  avia-builder-el-first  av-inherit-size'><h2 class='av-special-heading-tag'  itemprop=\"headline\"  >Was sind Mobilfunkanbieterrunden?<\/h2><div class='special-heading-border'><div class='special-heading-inner-border' ><\/div><\/div><\/div><br \/>\n<section class=\"av_textblock_section\"  itemscope=\"itemscope\" itemtype=\"https:\/\/schema.org\/CreativeWork\" ><div class='avia_textblock'   itemprop=\"text\" ><p>Verabschieden Sie sich von Klemmbrettern und Papierchecklisten mit mobilen OP-Visiten. Sie sind die gleichen wie regelm\u00e4\u00dfige Inspektionen, nur mit einer zus\u00e4tzlichen Komponente: Technologie.<\/p>\n<p>Anstatt sich auf Papier zu verlassen, um die Details jeder Inspektion aufzuschreiben, k\u00f6nnen die Arbeiter ihre Notizen \u00fcber eine Anwendung erfassen, die auf einem mobilen Ger\u00e4t wie einem Telefon oder einem Tablet ausgef\u00fchrt wird. Diese Anwendung, die Teil eines vollst\u00e4ndigen ist <a href=\"https:\/\/www.augmentir.com\/glossary\/what-is-a-connected-worker-platform\">vernetzte Worker-Plattform<\/a>, ist ein One-Stop-Shop f\u00fcr alle Ihre Wartungsvorg\u00e4nge.<\/p>\n<\/div><\/section><br \/>\n<div  class='avia-image-container  av-styling-    avia-builder-el-12  el_after_av_textblock  el_before_av_textblock  image-padding avia-align-center'  itemprop=\"image\" itemscope=\"itemscope\" itemtype=\"https:\/\/schema.org\/ImageObject\"  ><div class='avia-image-container-inner'><div class='avia-image-overlay-wrap'><img class='avia_image' src='https:\/\/www.augmentir.com\/wp-content\/uploads\/2022\/09\/mobile-operator-rounds-maintenance.jpg' alt='Mobilfunkbetreiber Runden Wartung' title='' height=\"1067\" width=\"1600\"  itemprop=\"thumbnailUrl\"  \/><\/div><\/div><\/div><br \/>\n<section class=\"av_textblock_section\"  itemscope=\"itemscope\" itemtype=\"https:\/\/schema.org\/CreativeWork\" ><div class='avia_textblock'   itemprop=\"text\" ><p>Dort haben Ihre Mitarbeiter auch Zugriff auf digitale Arbeitsanweisungen, w\u00e4hrend sie ihre Mobilfunkrundg\u00e4nge machen. Diese Anweisungen k\u00f6nnen zeigen, wie man Wartungspr\u00fcfungen durchf\u00fchrt, die Datenerfassung automatisiert und dabei hilft, Compliance und Rechenschaftspflicht sicherzustellen.<\/p>\n<\/div><\/section><\/p><\/div>\n\n<\/div><\/div><\/div><!-- close content main div --><\/div><\/div><div id='how-will-mobile-operator-rounds-transform-maintenance-operations'  class='avia-section main_color avia-section-no-padding avia-no-border-styling avia-bg-style-scroll  avia-builder-el-14  el_after_av_section  el_before_av_section  glossary-container  container_wrap sidebar_right' style=' '  ><div class='container' ><div class='template-page content  av-content-small alpha units'><div class='post-entry post-entry-type-page post-entry-13152'><div class='entry-content-wrapper clearfix'>\n<div class=\"flex_column av_one_full  flex_column_div av-zero-column-padding first  avia-builder-el-15  avia-builder-el-no-sibling\" style='border-radius:0px; '><p><div  style='padding-bottom:10px; font-size:32px;' class='av-special-heading av-special-heading-h2  blockquote modern-quote  avia-builder-el-16  el_before_av_textblock  avia-builder-el-first  av-inherit-size'><h2 class='av-special-heading-tag'  itemprop=\"headline\"  >Wie werden mobile Betreiberrunden den Wartungsbetrieb ver\u00e4ndern?<\/h2><div class='special-heading-border'><div class='special-heading-inner-border' ><\/div><\/div><\/div><br \/>\n<section class=\"av_textblock_section\"  itemscope=\"itemscope\" itemtype=\"https:\/\/schema.org\/CreativeWork\" ><div class='avia_textblock'   itemprop=\"text\" ><p>Die heutige Produktionslandschaft unterliegt einem schnellen Wandel, insbesondere in der Art und Weise, wie Arbeitsplatzinspektionen durchgef\u00fchrt werden. Unternehmen m\u00fcssen flexibel sein und effizientere Verfahren einf\u00fchren, um der Zeit voraus zu sein.<\/p>\n<p>Mobilfunkanbieterrunden sind die Antwort. Sie k\u00f6nnen die Art und Weise, wie Sie Prozesse ausf\u00fchren, ver\u00e4ndern und sich auf die Langlebigkeit Ihrer Ger\u00e4te und letztendlich Ihres Unternehmens auswirken.<\/p>\n<p>Die Durchf\u00fchrung von Rundg\u00e4ngen bei Mobilfunkbetreibern verringert das Risiko von Ger\u00e4teausfallzeiten. Es stellt den Arbeitern die Informationen zur Verf\u00fcgung, die sie ben\u00f6tigen, um Wartungsentscheidungen vor Ort zu treffen, und stellt dem Management die ben\u00f6tigten digitalen Aufzeichnungen zur Verf\u00fcgung. Schlie\u00dflich kann die Bereitstellung Ihrer Betriebsverfahren, Ger\u00e4tediagramme und anderer wichtiger Informationen auf einer gemeinsam genutzten, verbundenen Plattform die Produktivit\u00e4t und Sicherheit erh\u00f6hen.<\/p>\n<p>Durch die Automatisierung von Anlagenpr\u00fcfungen wird Folgendes sichergestellt:<\/p>\n<ul>\n<li>Inspektionsdaten und -verfolgung in Echtzeit<\/li>\n<li>Erh\u00f6hte Produktivit\u00e4t und Compliance<\/li>\n<li>Gesteigerte Arbeitsmoral und -bindung<\/li>\n<li>Mehr operative Kompetenz<\/li>\n<li>Bessere Datentransparenz<\/li>\n<li>Verbesserte Sicherheitsstandards<\/li>\n<\/ul>\n<\/div><\/section><\/p><\/div>\n\n<\/div><\/div><\/div><!-- close content main div --><\/div><\/div><div id='how-can-you-digitize-operator-rounds'  class='avia-section main_color avia-section-no-padding avia-no-border-styling avia-bg-style-scroll  avia-builder-el-18  el_after_av_section  el_before_av_section  glossary-container  container_wrap sidebar_right' style=' '  ><div class='container' ><div class='template-page content  av-content-small alpha units'><div class='post-entry post-entry-type-page post-entry-13152'><div class='entry-content-wrapper clearfix'>\n<div class=\"flex_column av_one_full  flex_column_div av-zero-column-padding first  avia-builder-el-19  avia-builder-el-no-sibling\" style='border-radius:0px; '><p><div  style='padding-bottom:10px; font-size:32px;' class='av-special-heading av-special-heading-h2  blockquote modern-quote  avia-builder-el-20  el_before_av_textblock  avia-builder-el-first  av-inherit-size'><h2 class='av-special-heading-tag'  itemprop=\"headline\"  >Wie k\u00f6nnen Sie Bedienerrunden digitalisieren?<\/h2><div class='special-heading-border'><div class='special-heading-inner-border' ><\/div><\/div><\/div><br \/>\n<section class=\"av_textblock_section\"  itemscope=\"itemscope\" itemtype=\"https:\/\/schema.org\/CreativeWork\" ><div class='avia_textblock'   itemprop=\"text\" ><p>Durch die Digitalisierung von Bedienerrundg\u00e4ngen k\u00f6nnen Probleme mit Doppelarbeit oder ausgelassenen Schritten vermieden werden. Es gew\u00e4hrleistet auch eine abteilungs\u00fcbergreifende Echtzeittransparenz. Aber wie genau digitalisiert man Shopfloor Checks?<\/p>\n<p>Es gibt verschiedene digitale Softwaretools, die gemeinsam nutzbare Arbeitsanweisungsfunktionen bieten. Sie k\u00f6nnen Dashboards mit Verfahren, Anleitungsvideos, Tracking-Funktionen und mehr anpassen. Diese intelligenten Tools k\u00f6nnen Qualit\u00e4t, Produktivit\u00e4t und Wissen in allen Fertigungsabl\u00e4ufen verbessern.<\/p>\n<p>Die Connected-Worker-L\u00f6sung von Augmentir bietet beispielsweise ma\u00dfgeschneiderte L\u00f6sungen zur Verbesserung einer Vielzahl von Betriebsabl\u00e4ufen, einschlie\u00dflich Bedienerrundg\u00e4ngen.<\/p>\n<\/div><\/section><br \/>\n<div  class='avia-image-container  av-styling-    avia-builder-el-22  el_after_av_textblock  el_before_av_textblock  glossary-inline-image avia-align-center'  itemprop=\"image\" itemscope=\"itemscope\" itemtype=\"https:\/\/schema.org\/ImageObject\"  ><div class='avia-image-container-inner'><div class='avia-image-overlay-wrap'><img class='avia_image' src='https:\/\/www.augmentir.com\/wp-content\/uploads\/2022\/07\/suite-digital-work-instructions.png' alt='Mobilfunkanbieter Runden' title='' height=\"1532\" width=\"2363\"  itemprop=\"thumbnailUrl\"  \/><\/div><\/div><\/div><br \/>\n<section class=\"av_textblock_section\"  itemscope=\"itemscope\" itemtype=\"https:\/\/schema.org\/CreativeWork\" ><div class='avia_textblock'   itemprop=\"text\" ><p>Unsere Software f\u00fcr digitale Arbeitsanweisungen kann dabei helfen, Bedienerrunden und alle Arbeitsprozesse an vorderster Front einfach zu digitalisieren. Mit dem No-Code-Workflow-Builder von Augmentir k\u00f6nnen Unternehmen papierbasierte Anweisungen und Checklisten schnell in ein digitales Format umwandeln und diese digitalen Anweisungen mit Inline-Schulungen, integrierter Zusammenarbeit und Unterst\u00fctzung bei der Fehlerbehebung an die Bed\u00fcrfnisse einzelner Bediener anpassen.<\/p>\n<\/div><\/section><\/p><\/div>\n\n<\/div><\/div><\/div><!-- close content main div --><\/div><\/div><div id='av_section_6'  class='avia-section main_color avia-section-no-padding avia-no-border-styling avia-bg-style-scroll  avia-builder-el-24  el_after_av_section  avia-builder-el-last  glossary-container  container_wrap sidebar_right' style=' margin-top:0px; margin-bottom:50px; '  ><div class='container' ><div class='template-page content  av-content-small alpha units'><div class='post-entry post-entry-type-page post-entry-13152'><div class='entry-content-wrapper clearfix'>\n<section class=\"av_textblock_section\"  itemscope=\"itemscope\" itemtype=\"https:\/\/schema.org\/CreativeWork\" ><div class='avia_textblock'   itemprop=\"text\" ><p><strong>M\u00f6chten Sie erfahren, wie die Connected-Worker-L\u00f6sung von Augmentir Ihnen helfen kann, mobile Bedienervisiten in Ihrem Fertigungsbetrieb zu implementieren? Kontaktieren Sie uns f\u00fcr eine <a href=\"https:\/\/www.augmentir.com\/request-a-demo\">Kostenlose Demo<\/a>.<\/strong><\/p>\n<p><strong><br \/>\n<div class=\"cta\"><div class=\"content\"><div class=\"eyebrow-headline\">Siehe Augmentir in Aktion<\/div><div class=\"heading\">Kontaktieren Sie uns f\u00fcr eine personalisierte Demo<\/div><div class=\"copy\" style=\"min-height:30px;\"><\/div><div class=\"link\"><a class=\"btn btn-white\" href=\"\/request-a-demo\">Buchen Sie eine Demo<\/a><\/div><\/div><div class=\"dashboard\"><\/div><\/div><\/strong><\/p>\n<\/div><\/section>\n<\/div><\/div><\/div><!-- close content main div --><\/div><\/div><div id='after_section_6'  class='main_color av_default_container_wrap container_wrap sidebar_right' style=' '  ><div class='container' ><div class='template-page content  av-content-small alpha units'><div class='post-entry post-entry-type-page post-entry-13152'><div class='entry-content-wrapper clearfix'>","protected":false},"excerpt":{"rendered":"","protected":false},"author":1,"featured_media":0,"parent":11161,"menu_order":0,"comment_status":"closed","ping_status":"closed","template":"","meta":{"inline_featured_image":false,"_lmt_disableupdate":"no","_lmt_disable":"","footnotes":""},"class_list":["post-13152","page","type-page","status-publish","hentry"],"yoast_head":"<!-- This site is optimized with the Yoast SEO plugin v27.2 - https:\/\/yoast.com\/product\/yoast-seo-wordpress\/ -->\n<title>Operator Rounds - Digitize Plant Maintenance with Mobile Operator Rounds - Augmentir<\/title>\n<meta name=\"description\" content=\"Learn about operator rounds and how they can be digitized to transform manufacturing maintenance operations.\" \/>\n<meta name=\"robots\" content=\"index, follow, max-snippet:-1, max-image-preview:large, max-video-preview:-1\" \/>\n<link rel=\"canonical\" href=\"https:\/\/www.augmentir.com\/de\/glossary\/operator-rounds\" \/>\n<meta property=\"og:locale\" content=\"de_DE\" \/>\n<meta property=\"og:type\" content=\"article\" \/>\n<meta property=\"og:title\" content=\"Operator Rounds - Digitize Plant Maintenance with Mobile Operator Rounds - Augmentir\" \/>\n<meta property=\"og:description\" content=\"Learn about operator rounds and how they can be digitized to transform manufacturing maintenance operations.\" \/>\n<meta property=\"og:url\" content=\"https:\/\/www.augmentir.com\/de\/glossary\/operator-rounds\" \/>\n<meta property=\"og:site_name\" content=\"Augmentir\" \/>\n<meta property=\"article:modified_time\" content=\"2024-12-20T18:00:58+00:00\" \/>\n<meta name=\"twitter:card\" content=\"summary_large_image\" \/>\n<meta name=\"twitter:site\" content=\"@augmentir\" \/>\n<script type=\"application\/ld+json\" class=\"yoast-schema-graph\">{\"@context\":\"https:\/\/schema.org\",\"@graph\":[{\"@type\":\"WebPage\",\"@id\":\"https:\/\/www.augmentir.com\/glossary\/operator-rounds\",\"url\":\"https:\/\/www.augmentir.com\/glossary\/operator-rounds\",\"name\":\"Operator Rounds - Digitize Plant Maintenance with Mobile Operator Rounds - Augmentir\",\"isPartOf\":{\"@id\":\"https:\/\/www.augmentir.com\/#website\"},\"datePublished\":\"2022-09-29T14:21:12+00:00\",\"dateModified\":\"2024-12-20T18:00:58+00:00\",\"description\":\"Learn about operator rounds and how they can be digitized to transform manufacturing maintenance operations.\",\"breadcrumb\":{\"@id\":\"https:\/\/www.augmentir.com\/glossary\/operator-rounds#breadcrumb\"},\"inLanguage\":\"de-DE\",\"potentialAction\":[{\"@type\":\"ReadAction\",\"target\":[\"https:\/\/www.augmentir.com\/glossary\/operator-rounds\"]}]},{\"@type\":\"BreadcrumbList\",\"@id\":\"https:\/\/www.augmentir.com\/glossary\/operator-rounds#breadcrumb\",\"itemListElement\":[{\"@type\":\"ListItem\",\"position\":1,\"name\":\"Home\",\"item\":\"https:\/\/www.augmentir.com\/\"},{\"@type\":\"ListItem\",\"position\":2,\"name\":\"Topics\",\"item\":\"https:\/\/www.augmentir.com\/glossary\"},{\"@type\":\"ListItem\",\"position\":3,\"name\":\"Operator Rounds &#8211; Digitize Plant Maintenance with Mobile Operator Rounds\"}]},{\"@type\":\"WebSite\",\"@id\":\"https:\/\/www.augmentir.com\/#website\",\"url\":\"https:\/\/www.augmentir.com\/\",\"name\":\"Augmentir\",\"description\":\"AI-Powered Connected Worker Platform\",\"publisher\":{\"@id\":\"https:\/\/www.augmentir.com\/#organization\"},\"potentialAction\":[{\"@type\":\"SearchAction\",\"target\":{\"@type\":\"EntryPoint\",\"urlTemplate\":\"https:\/\/www.augmentir.com\/?s={search_term_string}\"},\"query-input\":{\"@type\":\"PropertyValueSpecification\",\"valueRequired\":true,\"valueName\":\"search_term_string\"}}],\"inLanguage\":\"de-DE\"},{\"@type\":\"Organization\",\"@id\":\"https:\/\/www.augmentir.com\/#organization\",\"name\":\"Augmentir, Inc.\",\"url\":\"https:\/\/www.augmentir.com\/\",\"logo\":{\"@type\":\"ImageObject\",\"inLanguage\":\"de-DE\",\"@id\":\"https:\/\/www.augmentir.com\/#\/schema\/logo\/image\/\",\"url\":\"https:\/\/www.augmentir.com\/wp-content\/uploads\/2021\/10\/Augmentir_Logo.svg\",\"contentUrl\":\"https:\/\/www.augmentir.com\/wp-content\/uploads\/2021\/10\/Augmentir_Logo.svg\",\"width\":\"1200\",\"height\":\"1200\",\"caption\":\"Augmentir, Inc.\"},\"image\":{\"@id\":\"https:\/\/www.augmentir.com\/#\/schema\/logo\/image\/\"},\"sameAs\":[\"https:\/\/x.com\/augmentir\",\"https:\/\/www.linkedin.com\/company\/augmentir\"]}]}<\/script>\n<!-- \/ Yoast SEO plugin. -->","yoast_head_json":{"title":"Operator Rounds - Digitize Plant Maintenance with Mobile Operator Rounds - Augmentir","description":"Learn about operator rounds and how they can be digitized to transform manufacturing maintenance operations.","robots":{"index":"index","follow":"follow","max-snippet":"max-snippet:-1","max-image-preview":"max-image-preview:large","max-video-preview":"max-video-preview:-1"},"canonical":"https:\/\/www.augmentir.com\/de\/glossary\/operator-rounds","og_locale":"de_DE","og_type":"article","og_title":"Operator Rounds - Digitize Plant Maintenance with Mobile Operator Rounds - Augmentir","og_description":"Learn about operator rounds and how they can be digitized to transform manufacturing maintenance operations.","og_url":"https:\/\/www.augmentir.com\/de\/glossary\/operator-rounds","og_site_name":"Augmentir","article_modified_time":"2024-12-20T18:00:58+00:00","twitter_card":"summary_large_image","twitter_site":"@augmentir","schema":{"@context":"https:\/\/schema.org","@graph":[{"@type":"WebPage","@id":"https:\/\/www.augmentir.com\/glossary\/operator-rounds","url":"https:\/\/www.augmentir.com\/glossary\/operator-rounds","name":"Operator Rounds - Digitize Plant Maintenance with Mobile Operator Rounds - Augmentir","isPartOf":{"@id":"https:\/\/www.augmentir.com\/#website"},"datePublished":"2022-09-29T14:21:12+00:00","dateModified":"2024-12-20T18:00:58+00:00","description":"Learn about operator rounds and how they can be digitized to transform manufacturing maintenance operations.","breadcrumb":{"@id":"https:\/\/www.augmentir.com\/glossary\/operator-rounds#breadcrumb"},"inLanguage":"de-DE","potentialAction":[{"@type":"ReadAction","target":["https:\/\/www.augmentir.com\/glossary\/operator-rounds"]}]},{"@type":"BreadcrumbList","@id":"https:\/\/www.augmentir.com\/glossary\/operator-rounds#breadcrumb","itemListElement":[{"@type":"ListItem","position":1,"name":"Home","item":"https:\/\/www.augmentir.com\/"},{"@type":"ListItem","position":2,"name":"Topics","item":"https:\/\/www.augmentir.com\/glossary"},{"@type":"ListItem","position":3,"name":"Operator Rounds &#8211; Digitize Plant Maintenance with Mobile Operator Rounds"}]},{"@type":"WebSite","@id":"https:\/\/www.augmentir.com\/#website","url":"https:\/\/www.augmentir.com\/","name":"Augmentir","description":"AI-Powered Connected Worker Platform","publisher":{"@id":"https:\/\/www.augmentir.com\/#organization"},"potentialAction":[{"@type":"SearchAction","target":{"@type":"EntryPoint","urlTemplate":"https:\/\/www.augmentir.com\/?s={search_term_string}"},"query-input":{"@type":"PropertyValueSpecification","valueRequired":true,"valueName":"search_term_string"}}],"inLanguage":"de-DE"},{"@type":"Organization","@id":"https:\/\/www.augmentir.com\/#organization","name":"Augmentir, Inc.","url":"https:\/\/www.augmentir.com\/","logo":{"@type":"ImageObject","inLanguage":"de-DE","@id":"https:\/\/www.augmentir.com\/#\/schema\/logo\/image\/","url":"https:\/\/www.augmentir.com\/wp-content\/uploads\/2021\/10\/Augmentir_Logo.svg","contentUrl":"https:\/\/www.augmentir.com\/wp-content\/uploads\/2021\/10\/Augmentir_Logo.svg","width":"1200","height":"1200","caption":"Augmentir, Inc."},"image":{"@id":"https:\/\/www.augmentir.com\/#\/schema\/logo\/image\/"},"sameAs":["https:\/\/x.com\/augmentir","https:\/\/www.linkedin.com\/company\/augmentir"]}]}},"_links":{"self":[{"href":"https:\/\/www.augmentir.com\/de\/wp-json\/wp\/v2\/pages\/13152","targetHints":{"allow":["GET"]}}],"collection":[{"href":"https:\/\/www.augmentir.com\/de\/wp-json\/wp\/v2\/pages"}],"about":[{"href":"https:\/\/www.augmentir.com\/de\/wp-json\/wp\/v2\/types\/page"}],"author":[{"embeddable":true,"href":"https:\/\/www.augmentir.com\/de\/wp-json\/wp\/v2\/users\/1"}],"replies":[{"embeddable":true,"href":"https:\/\/www.augmentir.com\/de\/wp-json\/wp\/v2\/comments?post=13152"}],"version-history":[{"count":0,"href":"https:\/\/www.augmentir.com\/de\/wp-json\/wp\/v2\/pages\/13152\/revisions"}],"up":[{"embeddable":true,"href":"https:\/\/www.augmentir.com\/de\/wp-json\/wp\/v2\/pages\/11161"}],"wp:attachment":[{"href":"https:\/\/www.augmentir.com\/de\/wp-json\/wp\/v2\/media?parent=13152"}],"curies":[{"name":"wp","href":"https:\/\/api.w.org\/{rel}","templated":true}]}}