{"id":13074,"date":"2022-08-26T09:52:17","date_gmt":"2022-08-26T09:52:17","guid":{"rendered":"https:\/\/www.augmentir.com\/?page_id=13074"},"modified":"2025-08-11T20:29:56","modified_gmt":"2025-08-11T20:29:56","slug":"benefits","status":"publish","type":"page","link":"https:\/\/www.augmentir.com\/de\/autonomous-maintenance\/benefits","title":{"rendered":"Vorteile der autonomen Wartung"},"content":{"rendered":"<div id='av_section_1'  class='avia-section main_color avia-section-small avia-no-border-styling avia-bg-style-scroll  avia-builder-el-0  el_before_av_section  avia-builder-el-first  glossary-container  container_wrap sidebar_right' style=' margin-top:10px; margin-bottom:0px; '  ><div class='container' ><main  role=\"main\" itemprop=\"mainContentOfPage\"  class='template-page content  av-content-small alpha units'><div class='post-entry post-entry-type-page post-entry-13074'><div class='entry-content-wrapper clearfix'>\n<div class=\"flex_column av_one_full  flex_column_div av-zero-column-padding first  avia-builder-el-1  avia-builder-el-no-sibling\" style='border-radius:0px; '><p><div  style='padding-bottom:10px; margin-top:16px; font-size:44px;' class='av-special-heading av-special-heading-h1  blockquote modern-quote  avia-builder-el-2  el_before_av_textblock  avia-builder-el-first  av-inherit-size'><h1 class='av-special-heading-tag'  itemprop=\"headline\"  >Autonome Wartungsvorteile<\/h1><div class='special-heading-border'><div class='special-heading-inner-border' ><\/div><\/div><\/div><br \/>\n<section class=\"av_textblock_section\"  itemscope=\"itemscope\" itemtype=\"https:\/\/schema.org\/CreativeWork\" ><div class='avia_textblock'   itemprop=\"text\" ><p>Autonome Wartung ist eine Managementstrategie, die auf der Idee basiert, dass alle Mitglieder einer Belegschaft, nicht nur Techniker, an der t\u00e4glichen Wartung der Ger\u00e4te beteiligt sein sollten. Es ist der erste Schritt zur Umsetzung <a href=\"https:\/\/www.augmentir.com\/glossary\/what-is-total-productive-maintenance\">Total Productive Maintenance<\/a> (TPM) in einer Fertigungsumgebung.<\/p>\n<p>TPM argumentiert, dass Unternehmen nur dann eine maximale Produktion erreichen k\u00f6nnen, wenn alle an der Wartung der Maschinen und Anlagen beteiligt sind.<\/p>\n<p>Hier kommt die autonome Wartung ins Spiel. Diese Technik konzentriert sich darauf, dass Maschinenbediener die Verantwortung f\u00fcr grundlegende Wartungsaufgaben \u00fcbernehmen. Es zielt darauf ab, die Ausr\u00fcstung in einem \u201ewie neu\u201c-Zustand zu halten.<\/p>\n<p>Im Gegenzug haben Techniker mehr Zeit, sich auf strategische und pr\u00e4ventive Ans\u00e4tze zu konzentrieren. Sie k\u00f6nnen ihre spezialisierten F\u00e4higkeiten anwenden, um komplexere ausr\u00fcstungsbezogene Probleme zu planen und zu priorisieren.<\/p>\n<p>Bei richtiger Durchf\u00fchrung bringt die autonome Wartung den Herstellern zahlreiche Vorteile. Erfahren Sie mehr \u00fcber die Vorteile der autonomen Wartung, indem wir die folgenden Fragen beantworten:<\/p>\n<ul>\n<li><a href=\"#what-is-the-purpose-of-autonomous-maintenance\">Was ist der Zweck der autonomen Wartung?<\/a><\/li>\n<li><a href=\"#what-are-the-benefits-of-autonomous-maintenance\">Was sind die Vorteile der autonomen Wartung?<\/a><\/li>\n<li><a href=\"#what-are-the-advantages-and-disadvantages-of-autonomous-maintenance\">Was sind die Vor- und Nachteile der autonomen Wartung?<\/a><\/li>\n<\/ul>\n<\/div><\/section><\/p><\/div><\/div><\/div><\/main><!-- close content main element --><\/div><\/div><div id='what-is-the-purpose-of-autonomous-maintenance'  class='avia-section main_color avia-section-no-padding avia-no-border-styling avia-bg-style-scroll  avia-builder-el-4  el_after_av_section  el_before_av_section  glossary-container  container_wrap sidebar_right' style=' '  ><div class='container' ><div class='template-page content  av-content-small alpha units'><div class='post-entry post-entry-type-page post-entry-13074'><div class='entry-content-wrapper clearfix'>\n<div class=\"flex_column av_one_full  flex_column_div av-zero-column-padding first  avia-builder-el-5  avia-builder-el-no-sibling\" style='border-radius:0px; '><p><div  style='padding-bottom:10px; font-size:32px;' class='av-special-heading av-special-heading-h2  blockquote modern-quote  avia-builder-el-6  el_before_av_textblock  avia-builder-el-first  av-inherit-size'><h2 class='av-special-heading-tag'  itemprop=\"headline\"  >Was ist der Zweck der autonomen Wartung?<\/h2><div class='special-heading-border'><div class='special-heading-inner-border' ><\/div><\/div><\/div><br \/>\n<section class=\"av_textblock_section\"  itemscope=\"itemscope\" itemtype=\"https:\/\/schema.org\/CreativeWork\" ><div class='avia_textblock'   itemprop=\"text\" ><p>Um eine autonome Wartung durchzuf\u00fchren, inspizieren und warten die Bediener jedes Teil ihrer Ausr\u00fcstung gem\u00e4\u00df a <a href=\"https:\/\/www.augmentir.com\/autonomous-maintenance\/checklist\">Checkliste<\/a>. Das bedeutet, dass sie f\u00fcr einfache Aufgaben wie das Messen von Druck und Spannung an Ger\u00e4ten, das Regeln von Sensoren, das Schmieren von Teilen und das Reinigen zust\u00e4ndig sind.<\/p>\n<p>Dar\u00fcber hinaus gibt das Befolgen eines autonomen Wartungsverfahrens den Bedienern die M\u00f6glichkeit, eventuell auftretende Probleme zu erkennen, damit sie behoben werden k\u00f6nnen.<\/p>\n<\/div><\/section><\/p><\/div>\n<\/p>\n<\/div><\/div><\/div><!-- close content main div --><\/div><\/div><div id='what-are-the-benefits-of-autonomous-maintenance'  class='avia-section main_color avia-section-no-padding avia-no-border-styling avia-bg-style-scroll  avia-builder-el-8  el_after_av_section  el_before_av_section  glossary-container  container_wrap sidebar_right' style=' '  ><div class='container' ><div class='template-page content  av-content-small alpha units'><div class='post-entry post-entry-type-page post-entry-13074'><div class='entry-content-wrapper clearfix'>\n<div class=\"flex_column av_one_full  flex_column_div av-zero-column-padding first  avia-builder-el-9  avia-builder-el-no-sibling\" style='border-radius:0px; '><p><div  style='padding-bottom:10px; font-size:32px;' class='av-special-heading av-special-heading-h2  blockquote modern-quote  avia-builder-el-10  el_before_av_textblock  avia-builder-el-first  av-inherit-size'><h2 class='av-special-heading-tag'  itemprop=\"headline\"  >Was sind die Vorteile der autonomen Wartung?<\/h2><div class='special-heading-border'><div class='special-heading-inner-border' ><\/div><\/div><\/div><br \/>\n<section class=\"av_textblock_section\"  itemscope=\"itemscope\" itemtype=\"https:\/\/schema.org\/CreativeWork\" ><div class='avia_textblock'   itemprop=\"text\" ><p>Die Implementierung einer autonomen Wartung bietet zahlreiche Vorteile f\u00fcr ein Unternehmen und sein Endergebnis. Zu diesen Vorteilen geh\u00f6ren:<\/p>\n<ul>\n<li><strong>Sicherstellen, dass die Ausr\u00fcstung gereinigt und geschmiert wird:<\/strong> Einfache Aufgaben wie Reinigen und Schmieren werden oft \u00fcbersehen, wenn ein Wartungstechniker dringendere Reparaturen im Kopf hat. Bei der autonomen Wartung k\u00f6nnen Maschinenbediener diese Aufgaben \u00fcbernehmen und sicherstellen, dass sie ausgef\u00fchrt werden.<\/li>\n<li><strong>Probleme erkennen, bevor sie zu Ausf\u00e4llen f\u00fchren:<\/strong> Wenn Maschinenbediener \u00fcber umfassende Kenntnisse der Ausr\u00fcstung verf\u00fcgen, mit der sie arbeiten, k\u00f6nnen sie fr\u00fche Anzeichen von Maschinenverschlechterung und Fehlfunktionen beheben \u2013 und Ma\u00dfnahmen ergreifen.<\/li>\n<li><strong>Freistellung von Wartungspersonal f\u00fcr \u00fcbergeordnete Aufgaben:<\/strong> Da Bediener viele der Routineaufgaben \u00fcbernehmen, k\u00f6nnen Wartungstechniker ihre Fachkenntnisse auf ger\u00e4tebezogene Probleme mit h\u00f6herer Priorit\u00e4t konzentrieren.<\/li>\n<li><strong>St\u00e4rkung der Mitarbeiterbeteiligung:<\/strong> Die gemeinsame Verantwortung f\u00fcr die Wartung der Ausr\u00fcstung und eine Arbeitsplatzkultur, die Mitarbeiter-Feedback f\u00f6rdert, k\u00f6nnen sich positiv auf die Arbeitsmoral auswirken. Es kann auch Mitarbeiter motivieren, ihre Maschinen in Besitz zu nehmen.<\/li>\n<li><strong>Steigerung der Produktivit\u00e4t:<\/strong> Autonome Wartung kann dazu beitragen, Anlagenstillst\u00e4nde zu vermeiden, was die Produktivit\u00e4t direkt steigert.<\/li>\n<li><strong>Arbeitssicherheit erh\u00f6hen:<\/strong> Aufgrund der st\u00e4ndigen Wartung von Maschinen und saubereren Arbeitsbereichen besteht ein geringeres Verletzungsrisiko durch verunreinigte Werkzeuge oder Maschinenausf\u00e4lle.<\/li>\n<li><strong>Arbeitskosten senken:<\/strong> Es besteht weniger Bedarf, hochqualifiziertes Wartungspersonal f\u00fcr einfache Reinigungs-, Schmier- und Inspektionsaufgaben einzustellen.<\/li>\n<\/ul>\n<\/div><\/section><\/p><\/div>\n\n<\/div><\/div><\/div><!-- close content main div --><\/div><\/div><div id='what-are-the-advantages-and-disadvantages-of-autonomous-maintenance'  class='avia-section main_color avia-section-no-padding avia-no-border-styling avia-bg-style-scroll  avia-builder-el-12  el_after_av_section  el_before_av_section  glossary-container  container_wrap sidebar_right' style=' '  ><div class='container' ><div class='template-page content  av-content-small alpha units'><div class='post-entry post-entry-type-page post-entry-13074'><div class='entry-content-wrapper clearfix'>\n<div class=\"flex_column av_one_full  flex_column_div av-zero-column-padding first  avia-builder-el-13  avia-builder-el-no-sibling\" style='border-radius:0px; '><p><div  style='padding-bottom:10px; font-size:32px;' class='av-special-heading av-special-heading-h2  blockquote modern-quote  avia-builder-el-14  el_before_av_textblock  avia-builder-el-first  av-inherit-size'><h2 class='av-special-heading-tag'  itemprop=\"headline\"  >Was sind die Vor- und Nachteile der autonomen Wartung?<\/h2><div class='special-heading-border'><div class='special-heading-inner-border' ><\/div><\/div><\/div><br \/>\n<section class=\"av_textblock_section\"  itemscope=\"itemscope\" itemtype=\"https:\/\/schema.org\/CreativeWork\" ><div class='avia_textblock'   itemprop=\"text\" ><p>Wenn Sie \u00fcber die Implementierung einer autonomen Wartung nachdenken, sind einige der wichtigsten Vor- und Nachteile, die Sie ber\u00fccksichtigen sollten, nachfolgend aufgef\u00fchrt:<\/p>\n<p>Vorteile:<\/p>\n<ul>\n<li>Reduziertes Risiko von Ger\u00e4teausf\u00e4llen und Ausfallzeiten<\/li>\n<li>Erh\u00f6hte Verf\u00fcgbarkeit von Personal zur Durchf\u00fchrung grundlegender Wartungsreparaturen<\/li>\n<li>Verbesserte Sicherheit<\/li>\n<li>Verbesserte Beteiligung der Arbeitnehmer und erh\u00f6hte Moral<\/li>\n<\/ul>\n<p>Nachteile:<\/p>\n<ul>\n<li>Gefahr der \u00dcberwartung<\/li>\n<li>Erh\u00f6hte Arbeitsbelastung f\u00fcr Bediener<\/li>\n<li>Zeitaufw\u00e4ndiger Prozess<\/li>\n<\/ul>\n<\/div><\/section><br \/>\n<div  class='avia-image-container  av-styling-    avia-builder-el-16  el_after_av_textblock  avia-builder-el-last  glossary-inline-image avia-align-center'  itemprop=\"image\" itemscope=\"itemscope\" itemtype=\"https:\/\/schema.org\/ImageObject\"  ><div class='avia-image-container-inner'><div class='avia-image-overlay-wrap'><img class='avia_image' src='https:\/\/www.augmentir.com\/wp-content\/uploads\/2022\/07\/product-connected-worker-suite.png' alt='vernetzte Worker-Plattform' title='' height=\"2154\" width=\"5240\"  itemprop=\"thumbnailUrl\"  \/><\/div><\/div><\/div><\/p><\/div>\n\n<\/div><\/div><\/div><!-- close content main div --><\/div><\/div><div id='av_section_5'  class='avia-section main_color avia-section-no-padding avia-no-border-styling avia-bg-style-scroll  avia-builder-el-17  el_after_av_section  avia-builder-el-last  glossary-container  container_wrap sidebar_right' style=' margin-top:0px; margin-bottom:50px; '  ><div class='container' ><div class='template-page content  av-content-small alpha units'><div class='post-entry post-entry-type-page post-entry-13074'><div class='entry-content-wrapper clearfix'>\n<section class=\"av_textblock_section\"  itemscope=\"itemscope\" itemtype=\"https:\/\/schema.org\/CreativeWork\" ><div class='avia_textblock'   itemprop=\"text\" ><p><strong>Augmentir ist die erste KI-gest\u00fctzte Softwareplattform f\u00fcr vernetzte Mitarbeiter, die Industrieunternehmen bei der Nutzung autonomer Wartungs- und anderer <a href=\"https:\/\/www.augmentir.com\/glossary\/smart-factory\">intelligente Fabrik<\/a> Tools zur Optimierung der Produktivit\u00e4t und Sicherheit ihrer Mitarbeiter im Au\u00dfendienst. <a href=\"\/request-a-demo\">Kontaktiere uns heute<\/a> um eine Demo zu vereinbaren.<\/strong><\/p>\n<\/div><\/section>\n<\/div><\/div><\/div><!-- close content main div --><\/div><\/div><div id='after_section_5'  class='main_color av_default_container_wrap container_wrap sidebar_right' style=' '  ><div class='container' ><div class='template-page content  av-content-small alpha units'><div class='post-entry post-entry-type-page post-entry-13074'><div class='entry-content-wrapper clearfix'>","protected":false},"excerpt":{"rendered":"","protected":false},"author":1,"featured_media":0,"parent":11201,"menu_order":0,"comment_status":"closed","ping_status":"closed","template":"","meta":{"inline_featured_image":false,"_lmt_disableupdate":"no","_lmt_disable":"","footnotes":""},"class_list":["post-13074","page","type-page","status-publish","hentry"],"yoast_head":"<!-- This site is optimized with the Yoast SEO plugin v27.2 - https:\/\/yoast.com\/product\/yoast-seo-wordpress\/ -->\n<title>Benefits of Autonomous Maintenance - Augmentir<\/title>\n<meta name=\"description\" content=\"Learn about the benefits of autonomous maintenance and the advantages and disadvantages of implementing it.\" \/>\n<meta name=\"robots\" content=\"index, follow, max-snippet:-1, max-image-preview:large, max-video-preview:-1\" \/>\n<link rel=\"canonical\" href=\"https:\/\/www.augmentir.com\/de\/autonomous-maintenance\/benefits\" \/>\n<meta property=\"og:locale\" content=\"de_DE\" \/>\n<meta property=\"og:type\" content=\"article\" \/>\n<meta property=\"og:title\" content=\"Benefits of Autonomous Maintenance - Augmentir\" \/>\n<meta property=\"og:description\" content=\"Learn about the benefits of autonomous maintenance and the advantages and disadvantages of implementing it.\" \/>\n<meta property=\"og:url\" content=\"https:\/\/www.augmentir.com\/de\/autonomous-maintenance\/benefits\" \/>\n<meta property=\"og:site_name\" content=\"Augmentir\" \/>\n<meta property=\"article:modified_time\" content=\"2025-08-11T20:29:56+00:00\" \/>\n<meta name=\"twitter:card\" content=\"summary_large_image\" \/>\n<meta name=\"twitter:site\" content=\"@augmentir\" \/>\n<script type=\"application\/ld+json\" class=\"yoast-schema-graph\">{\"@context\":\"https:\/\/schema.org\",\"@graph\":[{\"@type\":\"WebPage\",\"@id\":\"https:\/\/www.augmentir.com\/autonomous-maintenance\/benefits\",\"url\":\"https:\/\/www.augmentir.com\/autonomous-maintenance\/benefits\",\"name\":\"Benefits of Autonomous Maintenance - Augmentir\",\"isPartOf\":{\"@id\":\"https:\/\/www.augmentir.com\/#website\"},\"datePublished\":\"2022-08-26T09:52:17+00:00\",\"dateModified\":\"2025-08-11T20:29:56+00:00\",\"description\":\"Learn about the benefits of autonomous maintenance and the advantages and disadvantages of implementing it.\",\"breadcrumb\":{\"@id\":\"https:\/\/www.augmentir.com\/autonomous-maintenance\/benefits#breadcrumb\"},\"inLanguage\":\"de-DE\",\"potentialAction\":[{\"@type\":\"ReadAction\",\"target\":[\"https:\/\/www.augmentir.com\/autonomous-maintenance\/benefits\"]}]},{\"@type\":\"BreadcrumbList\",\"@id\":\"https:\/\/www.augmentir.com\/autonomous-maintenance\/benefits#breadcrumb\",\"itemListElement\":[{\"@type\":\"ListItem\",\"position\":1,\"name\":\"Home\",\"item\":\"https:\/\/www.augmentir.com\/\"},{\"@type\":\"ListItem\",\"position\":2,\"name\":\"What is Autonomous Maintenance?\",\"item\":\"https:\/\/www.augmentir.com\/autonomous-maintenance\"},{\"@type\":\"ListItem\",\"position\":3,\"name\":\"Benefits of Autonomous Maintenance\"}]},{\"@type\":\"WebSite\",\"@id\":\"https:\/\/www.augmentir.com\/#website\",\"url\":\"https:\/\/www.augmentir.com\/\",\"name\":\"Augmentir\",\"description\":\"AI-Powered Connected Worker Platform\",\"publisher\":{\"@id\":\"https:\/\/www.augmentir.com\/#organization\"},\"potentialAction\":[{\"@type\":\"SearchAction\",\"target\":{\"@type\":\"EntryPoint\",\"urlTemplate\":\"https:\/\/www.augmentir.com\/?s={search_term_string}\"},\"query-input\":{\"@type\":\"PropertyValueSpecification\",\"valueRequired\":true,\"valueName\":\"search_term_string\"}}],\"inLanguage\":\"de-DE\"},{\"@type\":\"Organization\",\"@id\":\"https:\/\/www.augmentir.com\/#organization\",\"name\":\"Augmentir, Inc.\",\"url\":\"https:\/\/www.augmentir.com\/\",\"logo\":{\"@type\":\"ImageObject\",\"inLanguage\":\"de-DE\",\"@id\":\"https:\/\/www.augmentir.com\/#\/schema\/logo\/image\/\",\"url\":\"https:\/\/www.augmentir.com\/wp-content\/uploads\/2021\/10\/Augmentir_Logo.svg\",\"contentUrl\":\"https:\/\/www.augmentir.com\/wp-content\/uploads\/2021\/10\/Augmentir_Logo.svg\",\"width\":\"1200\",\"height\":\"1200\",\"caption\":\"Augmentir, Inc.\"},\"image\":{\"@id\":\"https:\/\/www.augmentir.com\/#\/schema\/logo\/image\/\"},\"sameAs\":[\"https:\/\/x.com\/augmentir\",\"https:\/\/www.linkedin.com\/company\/augmentir\"]}]}<\/script>\n<!-- \/ Yoast SEO plugin. -->","yoast_head_json":{"title":"Benefits of Autonomous Maintenance - Augmentir","description":"Learn about the benefits of autonomous maintenance and the advantages and disadvantages of implementing it.","robots":{"index":"index","follow":"follow","max-snippet":"max-snippet:-1","max-image-preview":"max-image-preview:large","max-video-preview":"max-video-preview:-1"},"canonical":"https:\/\/www.augmentir.com\/de\/autonomous-maintenance\/benefits","og_locale":"de_DE","og_type":"article","og_title":"Benefits of Autonomous Maintenance - Augmentir","og_description":"Learn about the benefits of autonomous maintenance and the advantages and disadvantages of implementing it.","og_url":"https:\/\/www.augmentir.com\/de\/autonomous-maintenance\/benefits","og_site_name":"Augmentir","article_modified_time":"2025-08-11T20:29:56+00:00","twitter_card":"summary_large_image","twitter_site":"@augmentir","schema":{"@context":"https:\/\/schema.org","@graph":[{"@type":"WebPage","@id":"https:\/\/www.augmentir.com\/autonomous-maintenance\/benefits","url":"https:\/\/www.augmentir.com\/autonomous-maintenance\/benefits","name":"Benefits of Autonomous Maintenance - Augmentir","isPartOf":{"@id":"https:\/\/www.augmentir.com\/#website"},"datePublished":"2022-08-26T09:52:17+00:00","dateModified":"2025-08-11T20:29:56+00:00","description":"Learn about the benefits of autonomous maintenance and the advantages and disadvantages of implementing it.","breadcrumb":{"@id":"https:\/\/www.augmentir.com\/autonomous-maintenance\/benefits#breadcrumb"},"inLanguage":"de-DE","potentialAction":[{"@type":"ReadAction","target":["https:\/\/www.augmentir.com\/autonomous-maintenance\/benefits"]}]},{"@type":"BreadcrumbList","@id":"https:\/\/www.augmentir.com\/autonomous-maintenance\/benefits#breadcrumb","itemListElement":[{"@type":"ListItem","position":1,"name":"Home","item":"https:\/\/www.augmentir.com\/"},{"@type":"ListItem","position":2,"name":"What is Autonomous Maintenance?","item":"https:\/\/www.augmentir.com\/autonomous-maintenance"},{"@type":"ListItem","position":3,"name":"Benefits of Autonomous Maintenance"}]},{"@type":"WebSite","@id":"https:\/\/www.augmentir.com\/#website","url":"https:\/\/www.augmentir.com\/","name":"Augmentir","description":"AI-Powered Connected Worker Platform","publisher":{"@id":"https:\/\/www.augmentir.com\/#organization"},"potentialAction":[{"@type":"SearchAction","target":{"@type":"EntryPoint","urlTemplate":"https:\/\/www.augmentir.com\/?s={search_term_string}"},"query-input":{"@type":"PropertyValueSpecification","valueRequired":true,"valueName":"search_term_string"}}],"inLanguage":"de-DE"},{"@type":"Organization","@id":"https:\/\/www.augmentir.com\/#organization","name":"Augmentir, Inc.","url":"https:\/\/www.augmentir.com\/","logo":{"@type":"ImageObject","inLanguage":"de-DE","@id":"https:\/\/www.augmentir.com\/#\/schema\/logo\/image\/","url":"https:\/\/www.augmentir.com\/wp-content\/uploads\/2021\/10\/Augmentir_Logo.svg","contentUrl":"https:\/\/www.augmentir.com\/wp-content\/uploads\/2021\/10\/Augmentir_Logo.svg","width":"1200","height":"1200","caption":"Augmentir, Inc."},"image":{"@id":"https:\/\/www.augmentir.com\/#\/schema\/logo\/image\/"},"sameAs":["https:\/\/x.com\/augmentir","https:\/\/www.linkedin.com\/company\/augmentir"]}]}},"_links":{"self":[{"href":"https:\/\/www.augmentir.com\/de\/wp-json\/wp\/v2\/pages\/13074","targetHints":{"allow":["GET"]}}],"collection":[{"href":"https:\/\/www.augmentir.com\/de\/wp-json\/wp\/v2\/pages"}],"about":[{"href":"https:\/\/www.augmentir.com\/de\/wp-json\/wp\/v2\/types\/page"}],"author":[{"embeddable":true,"href":"https:\/\/www.augmentir.com\/de\/wp-json\/wp\/v2\/users\/1"}],"replies":[{"embeddable":true,"href":"https:\/\/www.augmentir.com\/de\/wp-json\/wp\/v2\/comments?post=13074"}],"version-history":[{"count":0,"href":"https:\/\/www.augmentir.com\/de\/wp-json\/wp\/v2\/pages\/13074\/revisions"}],"up":[{"embeddable":true,"href":"https:\/\/www.augmentir.com\/de\/wp-json\/wp\/v2\/pages\/11201"}],"wp:attachment":[{"href":"https:\/\/www.augmentir.com\/de\/wp-json\/wp\/v2\/media?parent=13074"}],"curies":[{"name":"wp","href":"https:\/\/api.w.org\/{rel}","templated":true}]}}