{"id":12511,"date":"2022-03-07T03:20:16","date_gmt":"2022-03-07T03:20:16","guid":{"rendered":"https:\/\/www.augmentir.com\/?page_id=12511"},"modified":"2022-12-14T04:01:52","modified_gmt":"2022-12-14T04:01:52","slug":"workforce-management-tools-for-the-industrial-frontline-workforce","status":"publish","type":"page","link":"https:\/\/www.augmentir.com\/de\/workforce-management-tools-for-the-industrial-frontline-workforce","title":{"rendered":"Workforce-Management-Tools f\u00fcr die industrielle Frontline-Belegschaft"},"content":{"rendered":"<div id='top-section'  class='avia-section main_color avia-section-default avia-no-border-styling avia-bg-style-scroll  avia-builder-el-0  avia-builder-el-no-sibling   container_wrap sidebar_right' style='background-repeat: repeat-y; background-image: url(https:\/\/www.augmentir.com\/wp-content\/uploads\/2021\/10\/page-half-background.png);background-attachment: scroll; background-position: center center;  '  data-section-bg-repeat='repeat-y'><div class='container' ><main  role=\"main\" itemprop=\"mainContentOfPage\"  class='template-page content  av-content-small alpha units'><div class='post-entry post-entry-type-page post-entry-12511'><div class='entry-content-wrapper clearfix'>\n<div class=\"flex_column av_one_half  av-break-at-tablet flex_column_div first  avia-builder-el-1  el_before_av_one_half  avia-builder-el-first\" style='padding:0px 30px 0px 0px ; border-radius:0px; '><p><section class=\"av_textblock_section\"  itemscope=\"itemscope\" itemtype=\"https:\/\/schema.org\/CreativeWork\" ><div class='avia_textblock eyebrow-headline av_inherit_color'   itemprop=\"text\" ><p>Workforce-Management<\/p>\n<\/div><\/section><br \/>\n<div  style='padding-bottom:0px; margin-top:0px; font-size:40px;' class='av-special-heading av-special-heading-h1  blockquote modern-quote  avia-builder-el-3  el_after_av_textblock  el_before_av_textblock  h1-page-title av-inherit-size'><h1 class='av-special-heading-tag'  itemprop=\"headline\"  >Es ist an der Zeit, Workforce-Management-Tools auf die industrielle Front auszudehnen<\/h1><div class='special-heading-border'><div class='special-heading-inner-border' ><\/div><\/div><\/div><br \/>\n<section class=\"av_textblock_section\"  itemscope=\"itemscope\" itemtype=\"https:\/\/schema.org\/CreativeWork\" ><div class='avia_textblock'   itemprop=\"text\" ><p>Eine neue Generation von KI-basierten Connected-Worker-Tools erm\u00f6glicht es Unternehmen, effektives Kompetenzmanagement, Training, Zusammenarbeit und On-the-Job-Support f\u00fcr die dynamischeren und flexibleren Industriearbeiter von heute bereitzustellen.<\/p>\n<\/div><\/section><br \/>\n<div  class='avia-image-container  av-styling-    avia-builder-el-5  el_after_av_textblock  el_before_av_hr  guide-image avia-align-center'  itemprop=\"image\" itemscope=\"itemscope\" itemtype=\"https:\/\/schema.org\/ImageObject\"  ><div class='avia-image-container-inner'><div class='avia-image-overlay-wrap'><img class='avia_image' src='https:\/\/www.augmentir.com\/wp-content\/uploads\/2022\/03\/ebook-cover-workforce-management.png' alt='eBook Workforce-Management' title='' height=\"347\" width=\"600\"  itemprop=\"thumbnailUrl\"  \/><\/div><\/div><\/div><br \/>\n<div  style='height:30px' class='hr hr-invisible  av-small-hide av-mini-hide  avia-builder-el-6  el_after_av_image  el_before_av_textblock'><span class='hr-inner' ><span class='hr-inner-style'><\/span><\/span><\/div><br \/>\n<section class=\"av_textblock_section  av-small-hide av-mini-hide\"  itemscope=\"itemscope\" itemtype=\"https:\/\/schema.org\/CreativeWork\" ><div class='avia_textblock'  style='font-size:16px; '  itemprop=\"text\" ><p>Es gibt eine sich beschleunigende Personalkrise, die die gesamte Fertigungsindustrie st\u00f6rt, die Hersteller zunehmend unter Druck setzt und erhebliche betriebliche Probleme verursacht. Der Sektor, der bereits mit einem angespannten Arbeitsmarkt, einer schnell in Rente gehenden Baby-Boomer-Generation und der wachsenden Qualifikationsl\u00fccke gestresst war, sieht sich nun einer zunehmend unberechenbaren und vielf\u00e4ltigen Belegschaft gegen\u00fcber.<\/p>\n<p>Dadurch wird es immer schwieriger, Sicherheits- oder Qualit\u00e4tsstandards oder Produktionsziele einzuhalten.<\/p>\n<p>Die Realit\u00e4t ist, dass dieses Problem nicht verschwindet. Laut einer Studie von Deloitte aus dem Jahr 2021 <b>77% der befragten Hersteller geben an, dass sie anhaltende Schwierigkeiten haben werden, Arbeitskr\u00e4fte zu gewinnen und zu halten<\/b> \u00fcber 2022 hinaus.<\/p>\n<p>Die gro\u00dfe Resignation in der Fertigung hat zu einer dauerhaften Verschiebung gef\u00fchrt, und die Hersteller m\u00fcssen anfangen, \u00fcber die Anpassung ihrer Einstellungs-, Einarbeitungs- und Schulungsprozesse nachzudenken, um eine flexiblere, zuk\u00fcnftige Belegschaft in der Fertigung zu unterst\u00fctzen.<\/p>\n<p>Eine entscheidende Voraussetzung, um dies zu verwirklichen, ist eine digital vernetzte Belegschaft und der Zugriff auf Daten \u00fcber die geleistete Arbeit. Genauer gesagt, Mitarbeiterintelligenz in Echtzeit, die Einblicke in Schulungs-, Anleitungs- und Supportbedarf sowie echte, umsetzbare Einblicke in Arbeitsprozessverbesserungen geben kann.<\/p>\n<\/div><\/section><\/p><\/div><div class=\"flex_column av_one_half  av-break-at-tablet flex_column_div   avia-builder-el-8  el_after_av_one_half  avia-builder-el-last  form-container-column\" style='padding:0px 0px 0px 30px ; border-radius:0px; '><p><section class=\"av_textblock_section\"  itemscope=\"itemscope\" itemtype=\"https:\/\/schema.org\/CreativeWork\" ><div class='avia_textblock eyebrow-headline av_inherit_color'  style='color:#ffffff; '  itemprop=\"text\" ><p>Holen Sie sich Ihr kostenloses eBook<\/p>\n<\/div><\/section><br \/>\n<div  style='padding-bottom:0px; margin-top:0px; color:#ffffff;font-size:32px;' class='av-special-heading av-special-heading-h2 custom-color-heading blockquote modern-quote  avia-builder-el-10  el_after_av_textblock  el_before_av_codeblock  av-inherit-size'><h2 class='av-special-heading-tag'  itemprop=\"headline\"  >Ausweitung des Workforce Managements auf Mitarbeiter an vorderster Front<\/h2><div class='special-heading-border'><div class='special-heading-inner-border' style='border-color:#ffffff'><\/div><\/div><\/div><br \/>\n<\/p><\/div><\/div><\/div><\/main><!-- close content main element --><\/div><\/div><div id='after_section_1'  class='main_color av_default_container_wrap container_wrap sidebar_right' style=' '  ><div class='container' ><div class='template-page content  av-content-small alpha units'><div class='post-entry post-entry-type-page post-entry-12511'><div class='entry-content-wrapper clearfix'>","protected":false},"excerpt":{"rendered":"","protected":false},"author":1,"featured_media":12512,"parent":0,"menu_order":0,"comment_status":"closed","ping_status":"closed","template":"","meta":{"inline_featured_image":false,"_lmt_disableupdate":"no","_lmt_disable":"","footnotes":""},"class_list":["post-12511","page","type-page","status-publish","has-post-thumbnail","hentry"],"yoast_head":"<!-- This site is optimized with the Yoast SEO plugin v27.2 - https:\/\/yoast.com\/product\/yoast-seo-wordpress\/ -->\n<title>Workforce Management Tools for the Industrial Frontline Workforce - Augmentir<\/title>\n<meta name=\"description\" content=\"A new generation of AI-based connected worker tools are allowing companies to deliver effective skills management, training, collaboration, and on the job support for today\u2019s more dynamic, more flexible industrial workforce.\" \/>\n<meta name=\"robots\" content=\"index, follow, max-snippet:-1, max-image-preview:large, max-video-preview:-1\" \/>\n<link rel=\"canonical\" href=\"https:\/\/www.augmentir.com\/de\/workforce-management-tools-for-the-industrial-frontline-workforce\" \/>\n<meta property=\"og:locale\" content=\"de_DE\" \/>\n<meta property=\"og:type\" content=\"article\" \/>\n<meta property=\"og:title\" content=\"Workforce Management Tools for the Industrial Frontline Workforce - Augmentir\" \/>\n<meta property=\"og:description\" content=\"A new generation of AI-based connected worker tools are allowing companies to deliver effective skills management, training, collaboration, and on the job support for today\u2019s more dynamic, more flexible industrial workforce.\" \/>\n<meta property=\"og:url\" content=\"https:\/\/www.augmentir.com\/de\/workforce-management-tools-for-the-industrial-frontline-workforce\" \/>\n<meta property=\"og:site_name\" content=\"Augmentir\" \/>\n<meta property=\"article:modified_time\" content=\"2022-12-14T04:01:52+00:00\" \/>\n<meta property=\"og:image\" content=\"https:\/\/www.augmentir.com\/wp-content\/uploads\/2022\/03\/extend-workforce-management-to-frontline-workers.png\" \/>\n\t<meta property=\"og:image:width\" content=\"1200\" \/>\n\t<meta property=\"og:image:height\" content=\"630\" \/>\n\t<meta property=\"og:image:type\" content=\"image\/png\" \/>\n<meta name=\"twitter:card\" content=\"summary_large_image\" \/>\n<meta name=\"twitter:site\" content=\"@augmentir\" \/>\n<script type=\"application\/ld+json\" class=\"yoast-schema-graph\">{\"@context\":\"https:\/\/schema.org\",\"@graph\":[{\"@type\":\"WebPage\",\"@id\":\"https:\/\/www.augmentir.com\/workforce-management-tools-for-the-industrial-frontline-workforce\",\"url\":\"https:\/\/www.augmentir.com\/workforce-management-tools-for-the-industrial-frontline-workforce\",\"name\":\"Workforce Management Tools for the Industrial Frontline Workforce - Augmentir\",\"isPartOf\":{\"@id\":\"https:\/\/www.augmentir.com\/#website\"},\"primaryImageOfPage\":{\"@id\":\"https:\/\/www.augmentir.com\/workforce-management-tools-for-the-industrial-frontline-workforce#primaryimage\"},\"image\":{\"@id\":\"https:\/\/www.augmentir.com\/workforce-management-tools-for-the-industrial-frontline-workforce#primaryimage\"},\"thumbnailUrl\":\"https:\/\/www.augmentir.com\/wp-content\/uploads\/2022\/03\/extend-workforce-management-to-frontline-workers.png\",\"datePublished\":\"2022-03-07T03:20:16+00:00\",\"dateModified\":\"2022-12-14T04:01:52+00:00\",\"description\":\"A new generation of AI-based connected worker tools are allowing companies to deliver effective skills management, training, collaboration, and on the job support for today\u2019s more dynamic, more flexible industrial workforce.\",\"breadcrumb\":{\"@id\":\"https:\/\/www.augmentir.com\/workforce-management-tools-for-the-industrial-frontline-workforce#breadcrumb\"},\"inLanguage\":\"de-DE\",\"potentialAction\":[{\"@type\":\"ReadAction\",\"target\":[\"https:\/\/www.augmentir.com\/workforce-management-tools-for-the-industrial-frontline-workforce\"]}]},{\"@type\":\"ImageObject\",\"inLanguage\":\"de-DE\",\"@id\":\"https:\/\/www.augmentir.com\/workforce-management-tools-for-the-industrial-frontline-workforce#primaryimage\",\"url\":\"https:\/\/www.augmentir.com\/wp-content\/uploads\/2022\/03\/extend-workforce-management-to-frontline-workers.png\",\"contentUrl\":\"https:\/\/www.augmentir.com\/wp-content\/uploads\/2022\/03\/extend-workforce-management-to-frontline-workers.png\",\"width\":1200,\"height\":630,\"caption\":\"Extend workforce management to frontline workers\"},{\"@type\":\"BreadcrumbList\",\"@id\":\"https:\/\/www.augmentir.com\/workforce-management-tools-for-the-industrial-frontline-workforce#breadcrumb\",\"itemListElement\":[{\"@type\":\"ListItem\",\"position\":1,\"name\":\"Home\",\"item\":\"https:\/\/www.augmentir.com\/\"},{\"@type\":\"ListItem\",\"position\":2,\"name\":\"Workforce Management Tools for the Industrial Frontline Workforce\"}]},{\"@type\":\"WebSite\",\"@id\":\"https:\/\/www.augmentir.com\/#website\",\"url\":\"https:\/\/www.augmentir.com\/\",\"name\":\"Augmentir\",\"description\":\"AI-Powered Connected Worker Platform\",\"publisher\":{\"@id\":\"https:\/\/www.augmentir.com\/#organization\"},\"potentialAction\":[{\"@type\":\"SearchAction\",\"target\":{\"@type\":\"EntryPoint\",\"urlTemplate\":\"https:\/\/www.augmentir.com\/?s={search_term_string}\"},\"query-input\":{\"@type\":\"PropertyValueSpecification\",\"valueRequired\":true,\"valueName\":\"search_term_string\"}}],\"inLanguage\":\"de-DE\"},{\"@type\":\"Organization\",\"@id\":\"https:\/\/www.augmentir.com\/#organization\",\"name\":\"Augmentir, Inc.\",\"url\":\"https:\/\/www.augmentir.com\/\",\"logo\":{\"@type\":\"ImageObject\",\"inLanguage\":\"de-DE\",\"@id\":\"https:\/\/www.augmentir.com\/#\/schema\/logo\/image\/\",\"url\":\"https:\/\/www.augmentir.com\/wp-content\/uploads\/2021\/10\/Augmentir_Logo.svg\",\"contentUrl\":\"https:\/\/www.augmentir.com\/wp-content\/uploads\/2021\/10\/Augmentir_Logo.svg\",\"width\":\"1200\",\"height\":\"1200\",\"caption\":\"Augmentir, Inc.\"},\"image\":{\"@id\":\"https:\/\/www.augmentir.com\/#\/schema\/logo\/image\/\"},\"sameAs\":[\"https:\/\/x.com\/augmentir\",\"https:\/\/www.linkedin.com\/company\/augmentir\"]}]}<\/script>\n<!-- \/ Yoast SEO plugin. -->","yoast_head_json":{"title":"Workforce Management Tools for the Industrial Frontline Workforce - Augmentir","description":"A new generation of AI-based connected worker tools are allowing companies to deliver effective skills management, training, collaboration, and on the job support for today\u2019s more dynamic, more flexible industrial workforce.","robots":{"index":"index","follow":"follow","max-snippet":"max-snippet:-1","max-image-preview":"max-image-preview:large","max-video-preview":"max-video-preview:-1"},"canonical":"https:\/\/www.augmentir.com\/de\/workforce-management-tools-for-the-industrial-frontline-workforce","og_locale":"de_DE","og_type":"article","og_title":"Workforce Management Tools for the Industrial Frontline Workforce - Augmentir","og_description":"A new generation of AI-based connected worker tools are allowing companies to deliver effective skills management, training, collaboration, and on the job support for today\u2019s more dynamic, more flexible industrial workforce.","og_url":"https:\/\/www.augmentir.com\/de\/workforce-management-tools-for-the-industrial-frontline-workforce","og_site_name":"Augmentir","article_modified_time":"2022-12-14T04:01:52+00:00","og_image":[{"width":1200,"height":630,"url":"https:\/\/www.augmentir.com\/wp-content\/uploads\/2022\/03\/extend-workforce-management-to-frontline-workers.png","type":"image\/png"}],"twitter_card":"summary_large_image","twitter_site":"@augmentir","schema":{"@context":"https:\/\/schema.org","@graph":[{"@type":"WebPage","@id":"https:\/\/www.augmentir.com\/workforce-management-tools-for-the-industrial-frontline-workforce","url":"https:\/\/www.augmentir.com\/workforce-management-tools-for-the-industrial-frontline-workforce","name":"Workforce Management Tools for the Industrial Frontline Workforce - Augmentir","isPartOf":{"@id":"https:\/\/www.augmentir.com\/#website"},"primaryImageOfPage":{"@id":"https:\/\/www.augmentir.com\/workforce-management-tools-for-the-industrial-frontline-workforce#primaryimage"},"image":{"@id":"https:\/\/www.augmentir.com\/workforce-management-tools-for-the-industrial-frontline-workforce#primaryimage"},"thumbnailUrl":"https:\/\/www.augmentir.com\/wp-content\/uploads\/2022\/03\/extend-workforce-management-to-frontline-workers.png","datePublished":"2022-03-07T03:20:16+00:00","dateModified":"2022-12-14T04:01:52+00:00","description":"A new generation of AI-based connected worker tools are allowing companies to deliver effective skills management, training, collaboration, and on the job support for today\u2019s more dynamic, more flexible industrial workforce.","breadcrumb":{"@id":"https:\/\/www.augmentir.com\/workforce-management-tools-for-the-industrial-frontline-workforce#breadcrumb"},"inLanguage":"de-DE","potentialAction":[{"@type":"ReadAction","target":["https:\/\/www.augmentir.com\/workforce-management-tools-for-the-industrial-frontline-workforce"]}]},{"@type":"ImageObject","inLanguage":"de-DE","@id":"https:\/\/www.augmentir.com\/workforce-management-tools-for-the-industrial-frontline-workforce#primaryimage","url":"https:\/\/www.augmentir.com\/wp-content\/uploads\/2022\/03\/extend-workforce-management-to-frontline-workers.png","contentUrl":"https:\/\/www.augmentir.com\/wp-content\/uploads\/2022\/03\/extend-workforce-management-to-frontline-workers.png","width":1200,"height":630,"caption":"Extend workforce management to frontline workers"},{"@type":"BreadcrumbList","@id":"https:\/\/www.augmentir.com\/workforce-management-tools-for-the-industrial-frontline-workforce#breadcrumb","itemListElement":[{"@type":"ListItem","position":1,"name":"Home","item":"https:\/\/www.augmentir.com\/"},{"@type":"ListItem","position":2,"name":"Workforce Management Tools for the Industrial Frontline Workforce"}]},{"@type":"WebSite","@id":"https:\/\/www.augmentir.com\/#website","url":"https:\/\/www.augmentir.com\/","name":"Augmentir","description":"AI-Powered Connected Worker Platform","publisher":{"@id":"https:\/\/www.augmentir.com\/#organization"},"potentialAction":[{"@type":"SearchAction","target":{"@type":"EntryPoint","urlTemplate":"https:\/\/www.augmentir.com\/?s={search_term_string}"},"query-input":{"@type":"PropertyValueSpecification","valueRequired":true,"valueName":"search_term_string"}}],"inLanguage":"de-DE"},{"@type":"Organization","@id":"https:\/\/www.augmentir.com\/#organization","name":"Augmentir, Inc.","url":"https:\/\/www.augmentir.com\/","logo":{"@type":"ImageObject","inLanguage":"de-DE","@id":"https:\/\/www.augmentir.com\/#\/schema\/logo\/image\/","url":"https:\/\/www.augmentir.com\/wp-content\/uploads\/2021\/10\/Augmentir_Logo.svg","contentUrl":"https:\/\/www.augmentir.com\/wp-content\/uploads\/2021\/10\/Augmentir_Logo.svg","width":"1200","height":"1200","caption":"Augmentir, Inc."},"image":{"@id":"https:\/\/www.augmentir.com\/#\/schema\/logo\/image\/"},"sameAs":["https:\/\/x.com\/augmentir","https:\/\/www.linkedin.com\/company\/augmentir"]}]}},"_links":{"self":[{"href":"https:\/\/www.augmentir.com\/de\/wp-json\/wp\/v2\/pages\/12511","targetHints":{"allow":["GET"]}}],"collection":[{"href":"https:\/\/www.augmentir.com\/de\/wp-json\/wp\/v2\/pages"}],"about":[{"href":"https:\/\/www.augmentir.com\/de\/wp-json\/wp\/v2\/types\/page"}],"author":[{"embeddable":true,"href":"https:\/\/www.augmentir.com\/de\/wp-json\/wp\/v2\/users\/1"}],"replies":[{"embeddable":true,"href":"https:\/\/www.augmentir.com\/de\/wp-json\/wp\/v2\/comments?post=12511"}],"version-history":[{"count":0,"href":"https:\/\/www.augmentir.com\/de\/wp-json\/wp\/v2\/pages\/12511\/revisions"}],"wp:featuredmedia":[{"embeddable":true,"href":"https:\/\/www.augmentir.com\/de\/wp-json\/wp\/v2\/media\/12512"}],"wp:attachment":[{"href":"https:\/\/www.augmentir.com\/de\/wp-json\/wp\/v2\/media?parent=12511"}],"curies":[{"name":"wp","href":"https:\/\/api.w.org\/{rel}","templated":true}]}}